{"id":13150,"date":"2024-01-21T07:45:30","date_gmt":"2024-01-21T07:45:30","guid":{"rendered":"https:\/\/villagjecaj.com\/?page_id=13150"},"modified":"2024-02-01T13:03:46","modified_gmt":"2024-02-01T13:03:46","slug":"kerkese-oferte-per-f-v-panele-fotovoltaike","status":"publish","type":"page","link":"https:\/\/villagjecaj.com\/sq\/kerkese-oferte-per-f-v-panele-fotovoltaike\/","title":{"rendered":"Kerkese oferte per F.V. panele fotovoltaike"},"content":{"rendered":"\t\t<div data-elementor-type=\"wp-page\" data-elementor-id=\"13150\" class=\"elementor elementor-13150\">\n\t\t\t\t\t\t<section class=\"elementor-section elementor-top-section elementor-element elementor-element-42b9345 elementor-section-boxed elementor-section-height-default elementor-section-height-default\" data-id=\"42b9345\" data-element_type=\"section\" data-e-type=\"section\">\n\t\t\t\t\t\t<div class=\"elementor-container elementor-column-gap-default\">\n\t\t\t\t\t<div class=\"elementor-column elementor-col-100 elementor-top-column elementor-element elementor-element-5526d6e\" data-id=\"5526d6e\" data-element_type=\"column\" data-e-type=\"column\">\n\t\t\t<div class=\"elementor-widget-wrap elementor-element-populated\">\n\t\t\t\t\t\t<div class=\"elementor-element elementor-element-53c2c6f elementor-widget elementor-widget-heading\" data-id=\"53c2c6f\" data-element_type=\"widget\" data-e-type=\"widget\" data-widget_type=\"heading.default\">\n\t\t\t\t<div class=\"elementor-widget-container\">\n\t\t\t\t\t<h2 class=\"elementor-heading-title elementor-size-default\">KERKESE PER OFERTE<\/h2>\t\t\t\t<\/div>\n\t\t\t\t<\/div>\n\t\t\t\t<div class=\"elementor-element elementor-element-18caf9e elementor-widget elementor-widget-text-editor\" data-id=\"18caf9e\" data-element_type=\"widget\" data-e-type=\"widget\" data-widget_type=\"text-editor.default\">\n\t\t\t\t<div class=\"elementor-widget-container\">\n\t\t\t\t\t\t\t\t\t<h5>\u201cFurnizim dhe instalim i nje impianti fotovoltaik ne Villa Gjecaj Guesthouse &amp; Restaurant\u201d<\/h5><p><strong>INVESTITOR : Villa Gjecaj Guesthouse &amp; Restaurant (NMV) &#8211; Aida Gjecaj<\/strong><\/p><p><strong>ADRESA: \u00a0P.F Theth, Shkoder (Parku Kombetar Alpe)<\/strong><\/p>\t\t\t\t\t\t\t\t<\/div>\n\t\t\t\t<\/div>\n\t\t\t\t<div class=\"elementor-element elementor-element-bc3231c elementor-widget elementor-widget-image\" data-id=\"bc3231c\" data-element_type=\"widget\" data-e-type=\"widget\" data-widget_type=\"image.default\">\n\t\t\t\t<div class=\"elementor-widget-container\">\n\t\t\t\t\t\t\t\t\t\t\t\t\t\t\t<img loading=\"lazy\" decoding=\"async\" loading=\"lazy\" width=\"1600\" height=\"667\" src=\"https:\/\/villagjecaj.com\/wp-content\/uploads\/2024\/01\/Villa-gjecaj-theth2.jpg\" class=\"attachment-full size-full wp-image-13121\" alt=\"Villa gjecaj theth\" srcset=\"https:\/\/villagjecaj.com\/wp-content\/uploads\/2024\/01\/Villa-gjecaj-theth2.jpg 1600w, https:\/\/villagjecaj.com\/wp-content\/uploads\/2024\/01\/Villa-gjecaj-theth2-300x125.jpg 300w, https:\/\/villagjecaj.com\/wp-content\/uploads\/2024\/01\/Villa-gjecaj-theth2-1024x427.jpg 1024w, https:\/\/villagjecaj.com\/wp-content\/uploads\/2024\/01\/Villa-gjecaj-theth2-768x320.jpg 768w, https:\/\/villagjecaj.com\/wp-content\/uploads\/2024\/01\/Villa-gjecaj-theth2-1536x640.jpg 1536w, https:\/\/villagjecaj.com\/wp-content\/uploads\/2024\/01\/Villa-gjecaj-theth2-600x250.jpg 600w\" sizes=\"auto, (max-width: 1600px) 100vw, 1600px\" \/>\t\t\t\t\t\t\t\t\t\t\t\t\t\t\t<\/div>\n\t\t\t\t<\/div>\n\t\t\t\t<div class=\"elementor-element elementor-element-ac4cf3e elementor-widget elementor-widget-text-editor\" data-id=\"ac4cf3e\" data-element_type=\"widget\" data-e-type=\"widget\" data-widget_type=\"text-editor.default\">\n\t\t\t\t<div class=\"elementor-widget-container\">\n\t\t\t\t\t\t\t\t\t<p><strong>Objekti i fteses per Oferte:<\/strong><\/p><p>Furnizim dhe vendosje te paneleve fotovoltaike ne godinen e VILLA GJECAJ GUESTHOUSE &amp; RESTAURANT ne \u00a0\u00a0\u00a0\u00a0\u00a0\u00a0 Qender Theth.<\/p><p><strong>Afati i dorezimit te Ofertave:<\/strong><\/p><p>7 Shkurt 2024<\/p><p>Menyra e dorezimit: elektronikisht, me email ne <a href=\"mailto:info@villagjecaj.com\">info@villagjecaj.com<\/a><\/p><p>Dokumente te skanuara sipas origjinalit me firme e vule, pervec atyre te gjeneruar me vule elektronike nga e-albania.<\/p><p><strong>Pershkrimi:<\/strong><\/p><p>Referuar Ligjit Nr.7\/2017 \u201cPer nxitjen e perdorimit te energjise nga burimet e erinovueshme\u201d VKM Nr.3, date 20.06.2019 \u201dPer miratimin e procedures se lehtesuar te autorizmit per lidhjen ne sistemin e shperndarjes te objekteve te vogla te rinovueshme per veteprodhuesit e nergjise elektrike nga dielli\u201d; Ligji Nr. 116\/2016 \u201cPer performancen e energjise se ndertesave\u201d dhe Ligjit NR. 124\/2015 \u201cPer eficencen e energjise\u201d; rritjes se cmimit te energjise si dhe problemeve permanente ne lidhje me energjine elektrike qe ka shoqeruar zonen e Thethit:<\/p><p>Villa Gjecaj Guesthouse &amp; Restaurant (Aida Gjecaj) kerkon te aplikoje instalimin e e paneleve diellore per prodhimin e energjise elektrike per shfrytezimin vetjak nepermjet lidhjes ne rrjetin e TU me OSHEE (Grid connected) si dhe ndertimin e sistemit per akumulin e energjise (sistem hibrid)<\/p><p>Qellimi i ketij TOR eshte hartimi i kerkesave teknike te cilat do t\u2019ju vihen ne dispozicion operatoreve te ndryshem ekonomik per te ofruar zgjidhjen teknike per furnizimin dhe instalimin e nje sistemi fotovoltaik \u201c<strong><em>me celsa ne dore<\/em><\/strong>\u201d, duke siguruar eficience maksimale, sigurine e investimit, perfitim ekonomik dhe cilesine ne sherbim.<\/p>\t\t\t\t\t\t\t\t<\/div>\n\t\t\t\t<\/div>\n\t\t\t\t<section class=\"elementor-section elementor-inner-section elementor-element elementor-element-6cc14bc elementor-section-boxed elementor-section-height-default elementor-section-height-default\" data-id=\"6cc14bc\" data-element_type=\"section\" data-e-type=\"section\">\n\t\t\t\t\t\t<div class=\"elementor-container elementor-column-gap-default\">\n\t\t\t\t\t<div class=\"elementor-column elementor-col-50 elementor-inner-column elementor-element elementor-element-8154d4c\" data-id=\"8154d4c\" data-element_type=\"column\" data-e-type=\"column\">\n\t\t\t<div class=\"elementor-widget-wrap elementor-element-populated\">\n\t\t\t\t\t\t<div class=\"elementor-element elementor-element-e38571b elementor-widget elementor-widget-text-editor\" data-id=\"e38571b\" data-element_type=\"widget\" data-e-type=\"widget\" data-widget_type=\"text-editor.default\">\n\t\t\t\t<div class=\"elementor-widget-container\">\n\t\t\t\t\t\t\t\t\t<p><strong>INFORMACIONI PERGJITHSHEM.<\/strong><\/p><p><strong>Te dhenat e objektit:<\/strong><\/p><ul><li>Gjeresia gjeografike : 42.397298044055326<\/li><li>Gjatesia gjeografiek: 19.774359417467327<\/li><li>Orientimi: 174 \u00b0 , Azimuth -6\u00b0<\/li><li>Vendodhja: Parku Kombetar i Alpeve Shqiptare (AANP) Theth, Shale, 4027 Shkoder Qarku Shkoder<\/li><li>Siperfaqja neto e shfrytezueshme e Tarracers: rreth 150 m2<\/li><li>Fuqia e impiantit PV: ~ 30 kWp<\/li><li>Kapaciteti i sistemit t\u00eb bateris\u00eb: 14.2 kWh<\/li><\/ul>\t\t\t\t\t\t\t\t<\/div>\n\t\t\t\t<\/div>\n\t\t\t\t\t<\/div>\n\t\t<\/div>\n\t\t\t\t<div class=\"elementor-column elementor-col-50 elementor-inner-column elementor-element elementor-element-4205bbe\" data-id=\"4205bbe\" data-element_type=\"column\" data-e-type=\"column\">\n\t\t\t<div class=\"elementor-widget-wrap elementor-element-populated\">\n\t\t\t\t\t\t<div class=\"elementor-element elementor-element-8b13ca6 elementor-widget elementor-widget-image\" data-id=\"8b13ca6\" data-element_type=\"widget\" data-e-type=\"widget\" data-widget_type=\"image.default\">\n\t\t\t\t<div class=\"elementor-widget-container\">\n\t\t\t\t\t\t\t\t\t\t\t\t\t\t\t<img loading=\"lazy\" decoding=\"async\" loading=\"lazy\" width=\"540\" height=\"540\" src=\"https:\/\/villagjecaj.com\/wp-content\/uploads\/2024\/01\/villa-gjecaj-location.jpg\" class=\"attachment-large size-large wp-image-13123\" alt=\"\" srcset=\"https:\/\/villagjecaj.com\/wp-content\/uploads\/2024\/01\/villa-gjecaj-location.jpg 540w, https:\/\/villagjecaj.com\/wp-content\/uploads\/2024\/01\/villa-gjecaj-location-300x300.jpg 300w, https:\/\/villagjecaj.com\/wp-content\/uploads\/2024\/01\/villa-gjecaj-location-150x150.jpg 150w, https:\/\/villagjecaj.com\/wp-content\/uploads\/2024\/01\/villa-gjecaj-location-100x100.jpg 100w\" sizes=\"auto, (max-width: 540px) 100vw, 540px\" \/>\t\t\t\t\t\t\t\t\t\t\t\t\t\t\t<\/div>\n\t\t\t\t<\/div>\n\t\t\t\t\t<\/div>\n\t\t<\/div>\n\t\t\t\t\t<\/div>\n\t\t<\/section>\n\t\t\t\t<div class=\"elementor-element elementor-element-0d28c82 elementor-widget elementor-widget-text-editor\" data-id=\"0d28c82\" data-element_type=\"widget\" data-e-type=\"widget\" data-widget_type=\"text-editor.default\">\n\t\t\t\t<div class=\"elementor-widget-container\">\n\t\t\t\t\t\t\t\t\t<p><strong>REFERENCA KRYESORE PER REALIZIMIN E IMPIANTIT FOTOVOLTAIKE<\/strong><\/p><p>Panelet fotovoltaike duhet te jene te gjenerat\u00ebs se fundit produkt 2022 me eficence mbi 20% te garantuara per 25 vjet (ne performance dhe produkt) dhe me performance degradimi jo me pak se 87.5 % mbas 25 Viteve. Teknologjia e celizave te modulit PV duhet te jete <strong><em>Shingled<\/em><\/strong>.<\/p><p>Inverterat solar nuk duhet te jen me kapacitete me te madha se 60 KW dhe jo me te ulet se 10 KW per nj\u00ebsi prodhuar ne Europe me servisim zyrtar ne Shqiperi per mirembajtjen. Kompania duhet te jete e autorizuar per kryerjen e servisimit dhe mirembajtjes ne territorin e Republikes se Shqiperise. IP65 p\u00ebr instalim t\u00eb brendsh\u00ebm dhe t\u00eb jasht\u00ebm.<\/p><p>Inverteri duhet te jete hibrid, i cili do te p\u00ebrdoret p\u00ebr t\u00eb kombinuar impiantin PV, baterin\u00eb e litiumit, ngarkesat dhe rrjetin e energjis\u00eb p\u00ebr t\u00eb realizuar menaxhimin dhe shp\u00ebrndarjen inteligjente t\u00eb energjis\u00eb. Gjithashtu duhet te mundesoje inegrimin e gjeneratorit ne sistem.<\/p><p>Struktura montuese duhet te jete alumini me aksesor inoxi per te evituar korrozionin nder vite.<\/p><p>Impianti fotovoltaik duhet te shoqerohet me nje sistem monitorimi i cili ne cdo kohe duhet te tregoje energjine e prodhuar nga panelet. Energjia e prodhuar do duhet te akumulohet ne bateri per shfrytezimin ne rastet e shkeputjes se energjise\u00a0 dhe te shkembehet me rrjetin per rastet kur prodhimi i energjise eshte me i larte se nevoja per konsum.<\/p><p>Kompania pjes\u00ebmarr\u00ebse duhet te jete e njohur zyrtarisht nga prodhuesit per njohjen zyrtare te garancise nga prodhuesit per produktet e e ofertuara!<\/p><p>Kompania pjes\u00ebmarr\u00ebse duhet te jete zyrtarisht e licencuar per fotovoltaiket nga ministria infrastruktur\u00ebs dhe energjise me kategorit\u00eb projektim 10C si dhe zbatim NP10A per impjante fotovoltaiket!<\/p>\t\t\t\t\t\t\t\t<\/div>\n\t\t\t\t<\/div>\n\t\t\t\t<div class=\"elementor-element elementor-element-82ba301 elementor-widget elementor-widget-image\" data-id=\"82ba301\" data-element_type=\"widget\" data-e-type=\"widget\" data-widget_type=\"image.default\">\n\t\t\t\t<div class=\"elementor-widget-container\">\n\t\t\t\t\t\t\t\t\t\t\t\t\t\t\t<img loading=\"lazy\" decoding=\"async\" loading=\"lazy\" width=\"1190\" height=\"726\" src=\"https:\/\/villagjecaj.com\/wp-content\/uploads\/2024\/01\/roof-plan.jpg\" class=\"attachment-full size-full wp-image-13125\" alt=\"\" srcset=\"https:\/\/villagjecaj.com\/wp-content\/uploads\/2024\/01\/roof-plan.jpg 1190w, https:\/\/villagjecaj.com\/wp-content\/uploads\/2024\/01\/roof-plan-300x183.jpg 300w, https:\/\/villagjecaj.com\/wp-content\/uploads\/2024\/01\/roof-plan-1024x625.jpg 1024w, https:\/\/villagjecaj.com\/wp-content\/uploads\/2024\/01\/roof-plan-768x469.jpg 768w, https:\/\/villagjecaj.com\/wp-content\/uploads\/2024\/01\/roof-plan-600x366.jpg 600w\" sizes=\"auto, (max-width: 1190px) 100vw, 1190px\" \/>\t\t\t\t\t\t\t\t\t\t\t\t\t\t\t<\/div>\n\t\t\t\t<\/div>\n\t\t\t\t<div class=\"elementor-element elementor-element-a1044c2 elementor-widget elementor-widget-text-editor\" data-id=\"a1044c2\" data-element_type=\"widget\" data-e-type=\"widget\" data-widget_type=\"text-editor.default\">\n\t\t\t\t<div class=\"elementor-widget-container\">\n\t\t\t\t\t\t\t\t\t<p><strong>DOKUMENTACIONI I NEVOJSHEM LIGJOR:<\/strong><\/p><p>Oferta duhet te shoqerohet me dokumentacionin e nevojshem ligjor, ekonomik si edhe nje prezantim te shkurter te kompanise. I detyrueshem eshte dokumentacioni si me poshte:<\/p><ul><li>Ekstrakt historik nga QKB;<\/li><li>Kopje e NIPT-it;<\/li><li>Licensa per projektim dhe zbatim te paneleve\/impianteve fotovoltaike nga Ministria e Infrastuktures (10C\/NP10F);<\/li><li>CV te shoqerise per aktivitetin e saj qe nga data e themelimit, i cili duhet te jete jo me i shkurter se 10 vjecar;<\/li><li>Autorizim nga prodhuesi i paneleve dhe inverterave per shitje, instalim, mirembajtje dhe njohjen e garancive;<\/li><li>Kompania pjes\u00ebmarr\u00ebse duhet te dokumentojn\u00eb qe kan pasur eksperienca te m\u00ebparshme me impiante te fuqise se njejte.<\/li><\/ul><p>\u00a0<\/p><p><strong>DOKUMENTACIONI I NEVOJSHEM TEKNIK:<\/strong><\/p><p>Kompania duhet te furnizoje\/garantoje te pakten dokumentacionin e meposhtem:<\/p><ul><li>Projekt i plote teknik mbi implementimin e paneleve fotovoltaike;<\/li><li>Raport i performances se paneleve dhe njekohesisht pritshmerite ne kursimin e energjise per te dy godinat;<\/li><li>Kompania pjes\u00ebmarr\u00ebse duhet te garantoj\u00eb te pakt\u00ebn 2 vjet mbi performancen e prodhimit vjetor n\u00ebp\u00ebrmjet pal\u00ebve te treta (asiguracion per KWh\/Vjetore ne favore te Ministrise se Brendshme per energjin\u00eb e munguar vjetore).<\/li><li>Garantimin per kryerjen e procedurave\/lejeve te nevojshme me institucionet perkatese si Ministria e Infrastuktures,Bashkia, OSHEE, etj.<\/li><li>Skedat teknike te produkteve.<\/li><li>Afatet e ralizimit te impiantit PV<\/li><\/ul><p>\u00a0<\/p><p><strong>OFERTA EKONOMIKE:<\/strong><\/p><p>Kompania duhet te respektoje formatin e kesaj Ftese per oferte ne kuotimin e kerkuar.<\/p><p>Vlefshmeria e OFERTES: Oferta juaj duhet te jete e vlefshme per nje periudhe te percaktuar jo me pak se 3 mujore.<\/p>\t\t\t\t\t\t\t\t<\/div>\n\t\t\t\t<\/div>\n\t\t\t\t<div class=\"elementor-element elementor-element-5bac5e9 elementor-align-center elementor-widget elementor-widget-button\" data-id=\"5bac5e9\" data-element_type=\"widget\" data-e-type=\"widget\" data-widget_type=\"button.default\">\n\t\t\t\t<div class=\"elementor-widget-container\">\n\t\t\t\t\t\t\t\t\t<div class=\"elementor-button-wrapper\">\n\t\t\t\t\t<a class=\"elementor-button elementor-button-link elementor-size-md\" href=\"https:\/\/villagjecaj.com\/wp-content\/uploads\/2016\/10\/Financial-offer.xlsx\" target=\"_blank\">\n\t\t\t\t\t\t<span class=\"elementor-button-content-wrapper\">\n\t\t\t\t\t\t\t\t\t<span class=\"elementor-button-text\">Shkarkoni formatin e ofertes<\/span>\n\t\t\t\t\t<\/span>\n\t\t\t\t\t<\/a>\n\t\t\t\t<\/div>\n\t\t\t\t\t\t\t\t<\/div>\n\t\t\t\t<\/div>\n\t\t\t\t<div class=\"elementor-element elementor-element-480201f elementor-widget elementor-widget-text-editor\" data-id=\"480201f\" data-element_type=\"widget\" data-e-type=\"widget\" data-widget_type=\"text-editor.default\">\n\t\t\t\t<div class=\"elementor-widget-container\">\n\t\t\t\t\t\t\t\t\t<ul><li>Ne cmim duhet te perfshihet TVSH.<\/li><li>Ne oferte duhet te perfshihet garancia, afati i levrimit nga momenti i porosise dhe koha e instalimit.<\/li><li>Ne oferte duhet te perfshihet mirembajtja<\/li><li>Cmimi eshte perfundimtar per te gjithe kohen e kontrates dhe nuk mund te ndryshoje per asnje arsye.<\/li><li>Cdo kosto duhet te jete e perfshire ne cmim.<\/li><\/ul>\t\t\t\t\t\t\t\t<\/div>\n\t\t\t\t<\/div>\n\t\t\t\t\t<\/div>\n\t\t<\/div>\n\t\t\t\t\t<\/div>\n\t\t<\/section>\n\t\t\t\t<\/div>\n\t\t","protected":false},"excerpt":{"rendered":"<p>KERKESE PER OFERTE \u201cFurnizim dhe instalim i nje impianti fotovoltaik ne Villa Gjecaj Guesthouse &amp; Restaurant\u201d INVESTITOR : Villa Gjecaj Guesthouse &amp; Restaurant (NMV) &#8211; Aida Gjecaj ADRESA: \u00a0P.F Theth, Shkoder (Parku Kombetar Alpe) Objekti i fteses per Oferte: Furnizim dhe vendosje te paneleve fotovoltaike ne godinen e VILLA GJECAJ&#8230;<\/p>\n","protected":false},"author":1,"featured_media":13137,"parent":0,"menu_order":0,"comment_status":"closed","ping_status":"closed","template":"","meta":{"nf_dc_page":"","footnotes":""},"class_list":["post-13150","page","type-page","status-publish","has-post-thumbnail","hentry"],"yoast_head":"<!-- This site is optimized with the Yoast SEO plugin v27.4 - https:\/\/yoast.com\/product\/yoast-seo-wordpress\/ -->\n<title>Kerkese oferte per F.V. panele fotovoltaike - Villa Gjecaj<\/title>\n<meta name=\"robots\" content=\"index, follow, max-snippet:-1, max-image-preview:large, max-video-preview:-1\" \/>\n<link rel=\"canonical\" href=\"https:\/\/villagjecaj.com\/request-for-offers-for-photovoltaic-panels\/\" \/>\n<meta property=\"og:locale\" content=\"sq_AL\" \/>\n<meta property=\"og:type\" content=\"article\" \/>\n<meta property=\"og:title\" content=\"Kerkese oferte per F.V. panele fotovoltaike - Villa Gjecaj\" \/>\n<meta property=\"og:description\" content=\"KERKESE PER OFERTE \u201cFurnizim dhe instalim i nje impianti fotovoltaik ne Villa Gjecaj Guesthouse &amp; Restaurant\u201d INVESTITOR : Villa Gjecaj Guesthouse &amp; Restaurant (NMV) &#8211; Aida Gjecaj ADRESA: \u00a0P.F Theth, Shkoder (Parku Kombetar Alpe) Objekti i fteses per Oferte: Furnizim dhe vendosje te paneleve fotovoltaike ne godinen e VILLA GJECAJ...\" \/>\n<meta property=\"og:url\" content=\"https:\/\/villagjecaj.com\/request-for-offers-for-photovoltaic-panels\/\" \/>\n<meta property=\"og:site_name\" content=\"Villa Gjecaj\" \/>\n<meta property=\"article:publisher\" content=\"https:\/\/www.facebook.com\/VillaGjecajTheth\/\" \/>\n<meta property=\"article:modified_time\" content=\"2024-02-01T13:03:46+00:00\" \/>\n<meta property=\"og:image\" content=\"https:\/\/villagjecaj.com\/wp-content\/uploads\/2024\/01\/Villa-gjecaj-theth.jpg\" \/>\n\t<meta property=\"og:image:width\" content=\"1200\" \/>\n\t<meta property=\"og:image:height\" content=\"675\" \/>\n\t<meta property=\"og:image:type\" content=\"image\/jpeg\" \/>\n<meta name=\"twitter:card\" content=\"summary_large_image\" \/>\n<meta name=\"twitter:site\" content=\"@villagjecaj\" \/>\n<meta name=\"twitter:label1\" content=\"Est. reading time\" \/>\n\t<meta name=\"twitter:data1\" content=\"4 minutes\" \/>\n<script type=\"application\/ld+json\" class=\"yoast-schema-graph\">{\"@context\":\"https:\\\/\\\/schema.org\",\"@graph\":[{\"@type\":\"WebPage\",\"@id\":\"https:\\\/\\\/villagjecaj.com\\\/request-for-offers-for-photovoltaic-panels\\\/\",\"url\":\"https:\\\/\\\/villagjecaj.com\\\/request-for-offers-for-photovoltaic-panels\\\/\",\"name\":\"Kerkese oferte per F.V. panele fotovoltaike - Villa Gjecaj\",\"isPartOf\":{\"@id\":\"https:\\\/\\\/villagjecaj.com\\\/#website\"},\"primaryImageOfPage\":{\"@id\":\"https:\\\/\\\/villagjecaj.com\\\/request-for-offers-for-photovoltaic-panels\\\/#primaryimage\"},\"image\":{\"@id\":\"https:\\\/\\\/villagjecaj.com\\\/request-for-offers-for-photovoltaic-panels\\\/#primaryimage\"},\"thumbnailUrl\":\"https:\\\/\\\/villagjecaj.com\\\/wp-content\\\/uploads\\\/2024\\\/01\\\/Villa-gjecaj-theth.jpg\",\"datePublished\":\"2024-01-21T07:45:30+00:00\",\"dateModified\":\"2024-02-01T13:03:46+00:00\",\"breadcrumb\":{\"@id\":\"https:\\\/\\\/villagjecaj.com\\\/request-for-offers-for-photovoltaic-panels\\\/#breadcrumb\"},\"inLanguage\":\"sq-AL\",\"potentialAction\":[{\"@type\":\"ReadAction\",\"target\":[\"https:\\\/\\\/villagjecaj.com\\\/request-for-offers-for-photovoltaic-panels\\\/\"]}]},{\"@type\":\"ImageObject\",\"inLanguage\":\"sq-AL\",\"@id\":\"https:\\\/\\\/villagjecaj.com\\\/request-for-offers-for-photovoltaic-panels\\\/#primaryimage\",\"url\":\"https:\\\/\\\/villagjecaj.com\\\/wp-content\\\/uploads\\\/2024\\\/01\\\/Villa-gjecaj-theth.jpg\",\"contentUrl\":\"https:\\\/\\\/villagjecaj.com\\\/wp-content\\\/uploads\\\/2024\\\/01\\\/Villa-gjecaj-theth.jpg\",\"width\":1200,\"height\":675},{\"@type\":\"BreadcrumbList\",\"@id\":\"https:\\\/\\\/villagjecaj.com\\\/request-for-offers-for-photovoltaic-panels\\\/#breadcrumb\",\"itemListElement\":[{\"@type\":\"ListItem\",\"position\":1,\"name\":\"Home\",\"item\":\"https:\\\/\\\/villagjecaj.com\\\/sq\\\/\"},{\"@type\":\"ListItem\",\"position\":2,\"name\":\"Kerkese oferte per F.V. panele fotovoltaike\"}]},{\"@type\":\"WebSite\",\"@id\":\"https:\\\/\\\/villagjecaj.com\\\/#website\",\"url\":\"https:\\\/\\\/villagjecaj.com\\\/\",\"name\":\"Villa Gjecaj\",\"description\":\"Guesthouse and Restaurant in Theth Albanian Alps\",\"publisher\":{\"@id\":\"https:\\\/\\\/villagjecaj.com\\\/#organization\"},\"potentialAction\":[{\"@type\":\"SearchAction\",\"target\":{\"@type\":\"EntryPoint\",\"urlTemplate\":\"https:\\\/\\\/villagjecaj.com\\\/?s={search_term_string}\"},\"query-input\":{\"@type\":\"PropertyValueSpecification\",\"valueRequired\":true,\"valueName\":\"search_term_string\"}}],\"inLanguage\":\"sq-AL\"},{\"@type\":\"Organization\",\"@id\":\"https:\\\/\\\/villagjecaj.com\\\/#organization\",\"name\":\"Villa Gjecaj\",\"url\":\"https:\\\/\\\/villagjecaj.com\\\/\",\"logo\":{\"@type\":\"ImageObject\",\"inLanguage\":\"sq-AL\",\"@id\":\"https:\\\/\\\/villagjecaj.com\\\/#\\\/schema\\\/logo\\\/image\\\/\",\"url\":\"https:\\\/\\\/villagjecaj.com\\\/wp-content\\\/uploads\\\/2021\\\/01\\\/Logo-villa-gjecaj.png\",\"contentUrl\":\"https:\\\/\\\/villagjecaj.com\\\/wp-content\\\/uploads\\\/2021\\\/01\\\/Logo-villa-gjecaj.png\",\"width\":300,\"height\":300,\"caption\":\"Villa Gjecaj\"},\"image\":{\"@id\":\"https:\\\/\\\/villagjecaj.com\\\/#\\\/schema\\\/logo\\\/image\\\/\"},\"sameAs\":[\"https:\\\/\\\/www.facebook.com\\\/VillaGjecajTheth\\\/\",\"https:\\\/\\\/x.com\\\/villagjecaj\",\"https:\\\/\\\/www.instagram.com\\\/villagjecaj.theth\\\/\",\"https:\\\/\\\/www.linkedin.com\\\/company\\\/villagjecaj\",\"https:\\\/\\\/www.youtube.com\\\/c\\\/VillaGjecajTheth\\\/about\"]}]}<\/script>\n<!-- \/ Yoast SEO plugin. -->","yoast_head_json":{"title":"Kerkese oferte per F.V. panele fotovoltaike - Villa Gjecaj","robots":{"index":"index","follow":"follow","max-snippet":"max-snippet:-1","max-image-preview":"max-image-preview:large","max-video-preview":"max-video-preview:-1"},"canonical":"https:\/\/villagjecaj.com\/request-for-offers-for-photovoltaic-panels\/","og_locale":"sq_AL","og_type":"article","og_title":"Kerkese oferte per F.V. panele fotovoltaike - Villa Gjecaj","og_description":"KERKESE PER OFERTE \u201cFurnizim dhe instalim i nje impianti fotovoltaik ne Villa Gjecaj Guesthouse &amp; Restaurant\u201d INVESTITOR : Villa Gjecaj Guesthouse &amp; Restaurant (NMV) &#8211; Aida Gjecaj ADRESA: \u00a0P.F Theth, Shkoder (Parku Kombetar Alpe) Objekti i fteses per Oferte: Furnizim dhe vendosje te paneleve fotovoltaike ne godinen e VILLA GJECAJ...","og_url":"https:\/\/villagjecaj.com\/request-for-offers-for-photovoltaic-panels\/","og_site_name":"Villa Gjecaj","article_publisher":"https:\/\/www.facebook.com\/VillaGjecajTheth\/","article_modified_time":"2024-02-01T13:03:46+00:00","og_image":[{"width":1200,"height":675,"url":"https:\/\/villagjecaj.com\/wp-content\/uploads\/2024\/01\/Villa-gjecaj-theth.jpg","type":"image\/jpeg"}],"twitter_card":"summary_large_image","twitter_site":"@villagjecaj","twitter_misc":{"Est. reading time":"4 minutes"},"schema":{"@context":"https:\/\/schema.org","@graph":[{"@type":"WebPage","@id":"https:\/\/villagjecaj.com\/request-for-offers-for-photovoltaic-panels\/","url":"https:\/\/villagjecaj.com\/request-for-offers-for-photovoltaic-panels\/","name":"Kerkese oferte per F.V. panele fotovoltaike - Villa Gjecaj","isPartOf":{"@id":"https:\/\/villagjecaj.com\/#website"},"primaryImageOfPage":{"@id":"https:\/\/villagjecaj.com\/request-for-offers-for-photovoltaic-panels\/#primaryimage"},"image":{"@id":"https:\/\/villagjecaj.com\/request-for-offers-for-photovoltaic-panels\/#primaryimage"},"thumbnailUrl":"https:\/\/villagjecaj.com\/wp-content\/uploads\/2024\/01\/Villa-gjecaj-theth.jpg","datePublished":"2024-01-21T07:45:30+00:00","dateModified":"2024-02-01T13:03:46+00:00","breadcrumb":{"@id":"https:\/\/villagjecaj.com\/request-for-offers-for-photovoltaic-panels\/#breadcrumb"},"inLanguage":"sq-AL","potentialAction":[{"@type":"ReadAction","target":["https:\/\/villagjecaj.com\/request-for-offers-for-photovoltaic-panels\/"]}]},{"@type":"ImageObject","inLanguage":"sq-AL","@id":"https:\/\/villagjecaj.com\/request-for-offers-for-photovoltaic-panels\/#primaryimage","url":"https:\/\/villagjecaj.com\/wp-content\/uploads\/2024\/01\/Villa-gjecaj-theth.jpg","contentUrl":"https:\/\/villagjecaj.com\/wp-content\/uploads\/2024\/01\/Villa-gjecaj-theth.jpg","width":1200,"height":675},{"@type":"BreadcrumbList","@id":"https:\/\/villagjecaj.com\/request-for-offers-for-photovoltaic-panels\/#breadcrumb","itemListElement":[{"@type":"ListItem","position":1,"name":"Home","item":"https:\/\/villagjecaj.com\/sq\/"},{"@type":"ListItem","position":2,"name":"Kerkese oferte per F.V. panele fotovoltaike"}]},{"@type":"WebSite","@id":"https:\/\/villagjecaj.com\/#website","url":"https:\/\/villagjecaj.com\/","name":"Villa Gjecaj","description":"Guesthouse and Restaurant in Theth Albanian Alps","publisher":{"@id":"https:\/\/villagjecaj.com\/#organization"},"potentialAction":[{"@type":"SearchAction","target":{"@type":"EntryPoint","urlTemplate":"https:\/\/villagjecaj.com\/?s={search_term_string}"},"query-input":{"@type":"PropertyValueSpecification","valueRequired":true,"valueName":"search_term_string"}}],"inLanguage":"sq-AL"},{"@type":"Organization","@id":"https:\/\/villagjecaj.com\/#organization","name":"Villa Gjecaj","url":"https:\/\/villagjecaj.com\/","logo":{"@type":"ImageObject","inLanguage":"sq-AL","@id":"https:\/\/villagjecaj.com\/#\/schema\/logo\/image\/","url":"https:\/\/villagjecaj.com\/wp-content\/uploads\/2021\/01\/Logo-villa-gjecaj.png","contentUrl":"https:\/\/villagjecaj.com\/wp-content\/uploads\/2021\/01\/Logo-villa-gjecaj.png","width":300,"height":300,"caption":"Villa Gjecaj"},"image":{"@id":"https:\/\/villagjecaj.com\/#\/schema\/logo\/image\/"},"sameAs":["https:\/\/www.facebook.com\/VillaGjecajTheth\/","https:\/\/x.com\/villagjecaj","https:\/\/www.instagram.com\/villagjecaj.theth\/","https:\/\/www.linkedin.com\/company\/villagjecaj","https:\/\/www.youtube.com\/c\/VillaGjecajTheth\/about"]}]}},"_links":{"self":[{"href":"https:\/\/villagjecaj.com\/sq\/wp-json\/wp\/v2\/pages\/13150","targetHints":{"allow":["GET"]}}],"collection":[{"href":"https:\/\/villagjecaj.com\/sq\/wp-json\/wp\/v2\/pages"}],"about":[{"href":"https:\/\/villagjecaj.com\/sq\/wp-json\/wp\/v2\/types\/page"}],"author":[{"embeddable":true,"href":"https:\/\/villagjecaj.com\/sq\/wp-json\/wp\/v2\/users\/1"}],"replies":[{"embeddable":true,"href":"https:\/\/villagjecaj.com\/sq\/wp-json\/wp\/v2\/comments?post=13150"}],"version-history":[{"count":14,"href":"https:\/\/villagjecaj.com\/sq\/wp-json\/wp\/v2\/pages\/13150\/revisions"}],"predecessor-version":[{"id":13183,"href":"https:\/\/villagjecaj.com\/sq\/wp-json\/wp\/v2\/pages\/13150\/revisions\/13183"}],"wp:featuredmedia":[{"embeddable":true,"href":"https:\/\/villagjecaj.com\/sq\/wp-json\/wp\/v2\/media\/13137"}],"wp:attachment":[{"href":"https:\/\/villagjecaj.com\/sq\/wp-json\/wp\/v2\/media?parent=13150"}],"curies":[{"name":"wp","href":"https:\/\/api.w.org\/{rel}","templated":true}]}}