{"id":3530,"date":"2018-01-06T09:05:54","date_gmt":"2018-01-06T09:05:54","guid":{"rendered":"https:\/\/villagjecaj.com\/?page_id=3530"},"modified":"2022-02-22T11:42:35","modified_gmt":"2022-02-22T11:42:35","slug":"vendndodhja-dhe-udhezimet-villa-gjecaj","status":"publish","type":"page","link":"https:\/\/villagjecaj.com\/sq\/vendndodhja-dhe-udhezimet-villa-gjecaj\/","title":{"rendered":"Vendndodhja dhe udh\u00ebzimet"},"content":{"rendered":"\t\t<div data-elementor-type=\"wp-page\" data-elementor-id=\"3530\" class=\"elementor elementor-3530\">\n\t\t\t\t\t\t<section class=\"elementor-section elementor-top-section elementor-element elementor-element-29420c56 elementor-section-boxed elementor-section-height-default elementor-section-height-default\" data-id=\"29420c56\" data-element_type=\"section\" data-e-type=\"section\">\n\t\t\t\t\t\t<div class=\"elementor-container elementor-column-gap-default\">\n\t\t\t\t\t<div class=\"elementor-column elementor-col-100 elementor-top-column elementor-element elementor-element-2aa8d558\" data-id=\"2aa8d558\" data-element_type=\"column\" data-e-type=\"column\">\n\t\t\t<div class=\"elementor-widget-wrap elementor-element-populated\">\n\t\t\t\t\t\t<div class=\"elementor-element elementor-element-7112886 elementor-widget elementor-widget-text-editor\" data-id=\"7112886\" data-element_type=\"widget\" data-e-type=\"widget\" data-widget_type=\"text-editor.default\">\n\t\t\t\t<div class=\"elementor-widget-container\">\n\t\t\t\t\t\t\t\t\t<p><span style=\"font-family: 'comic sans ms', sans-serif; font-size: 18pt;\">Vendndodhja dhe udh\u00ebzimet<\/span><\/p><p><strong>SI T\u00cb ARRISH VILLA GJE\u00c7AJ<\/strong><\/p><p>N\u00ebse keni rezervuar tashm\u00eb strehim n\u00eb bujtin\u00ebn ton\u00eb, duhet t\u00eb mendoni t\u00eb arrini k\u00ebtu!<\/p><p>Villa Gje\u00e7aj \u00ebsht\u00eb vendosur n\u00eb qend\u00ebr t\u00eb Thethit, vet\u00ebm 300 mt n\u00eb t\u00eb majt\u00eb t\u00eb ur\u00ebs kryesore dhe t\u00eb vetmen mbi lumin e Thethit. Ura \u00ebsht\u00eb pika e hyrjes n\u00eb qender te lugin\u00ebs.<\/p><p>Bujtina jon\u00eb \u00ebsht\u00eb e vendosur mbi kodr\u00ebn p\u00ebrball\u00eb, pik\u00ebrisht para jush n\u00ebse shikoni lart kur jeni mbi ur\u00eb. Kthehuni 300 mt majtas dhe m\u00eb pas do t\u00eb takoni nj\u00eb tabel\u00eb tjet\u00ebr orientuese dhe hyrjen n\u00eb nj\u00eb rrugice t\u00eb shkurt\u00ebr 50 mt.<\/p><p>Parku Komb\u00ebtar i Thethit \u00ebsht\u00eb i vendosur 72 km n\u00eb veri t\u00eb Shkodr\u00ebs, rreth dy or\u00eb udh\u00ebtim me makin\u00eb p\u00ebrmes itinerarit Koplik &#8211; Bog\u00eb &#8211; Theth n\u00eb nj\u00eb rrug\u00eb totalisht t\u00eb asfaltuar tashm\u00eb.<\/p><p>N\u00ebse keni vetur\u00ebn tuaj, thjesht mund t\u00eb k\u00ebrkoni Villa Gjecaj n\u00eb googlemap.com dhe do merrni orientimet e sakta deri n\u00eb der\u00eb t\u00eb bujtin\u00ebs ton\u00eb.<\/p><p><span style=\"font-family: 'comic sans ms', sans-serif; font-size: 14pt;\"><img loading=\"lazy\" decoding=\"async\" loading=\"lazy\" class=\"alignright wp-image-2329 \" src=\"https:\/\/villagjecaj.com\/wp-content\/uploads\/2018\/01\/Getting-here-THETH-300x210.jpeg\" alt=\"Getting here THETH\" width=\"396\" height=\"276\" \/>E dinit se?<\/span><\/p><p>Tashm\u00eb rruga e Thethit \u00ebsht\u00eb totalisht e asfaltuar.<\/p><p>Mund t\u00eb arrihet me cdolloj automjeti.<\/p><p>Liqeni i Komanit nuk \u00ebsht\u00eb p\u00ebrgjat\u00eb rrug\u00ebs p\u00ebr n\u00eb Theth (n\u00eb t\u00eb v\u00ebrtet\u00eb, \u00ebsht\u00eb rrug\u00ebs p\u00ebr n\u00eb lugin\u00ebn e Valbon\u00ebs).<\/p><p>Minibusat p\u00ebr n\u00eb Theth nisen kryesisht nga q\u00ebndra p\u00ebrpara hotel Rozafa, rreth or\u00ebs 06.30-07.00 am;<\/p><p>Nuk ka asnj\u00eb linj\u00eb direkte me autobus \/ furgon nga Tirana n\u00eb Theth.<\/p><p>Furgonat niset vet\u00ebm nj\u00eb her\u00eb n\u00eb dit\u00eb, rreth 07.00 t\u00eb m\u00ebngjesit nga Shkodra dhe 12.00 t\u00eb paradites nga Thethi.<\/p><p>Nuk ka tranport tjet\u00ebr fiks pas ketyre orareve p\u00ebrve\u00e7se i rezervuar privatisht.<\/p><p>Ju mund t\u00eb arrini n\u00eb Theth p\u00ebrmes ecjeve e kalimeve malore nga Valbona, Lepusha, apo Vuthajt.<\/p><p>Ju mund t\u00eb arrini aeroportin e Podgoric\u00ebs n\u00eb rreth 3.5 or\u00eb me makin\u00eb nga Thethi.<\/p><p>Ju mund t\u00eb rezervoni nj\u00eb transferte private me nj\u00eb shofer p\u00ebr tek\/ nga Villa Gjecaj n\u00eb \u00e7do koh\u00eb drejt Shkodr\u00ebs apo ndonj\u00eb destinacioni tjet\u00ebr.<\/p><p>Marrja \/ Dergimi n\u00eb ndonj\u00ebrin prej aeroporteve mund t\u00eb organizohet sipas k\u00ebrkes\u00ebs.<\/p><p>Ju mund t\u00eb rezervoni me ne nj\u00eb tur t\u00eb personalizuar sipas k\u00ebrkes\u00ebs tuaj.<\/p><p>Na b\u00ebni nj\u00eb pyetje k\u00ebtu <a href=\"https:\/\/villagjecaj.com\/contact\/\" target=\"_blank\" rel=\"noopener\"><strong><span style=\"text-decoration: underline;\">k\u00ebtu<\/span><\/strong><\/a><\/p><p><span style=\"font-family: 'comic sans ms', sans-serif;\">PIKAT HYR\u00cbSE KUFITARE, LIDHJET DHE ITINERARET<\/span><\/p><p><img loading=\"lazy\" decoding=\"async\" loading=\"lazy\" class=\"aligncenter wp-image-2053 size-full\" src=\"https:\/\/villagjecaj.com\/wp-content\/uploads\/2017\/07\/How-to-find-Villa-Gjecaj.png\" sizes=\"auto, (max-width: 665px) 100vw, 665px\" srcset=\"https:\/\/villagjecaj.com\/wp-content\/uploads\/2017\/07\/How-to-find-Villa-Gjecaj.png 665w, https:\/\/villagjecaj.com\/wp-content\/uploads\/2017\/07\/How-to-find-Villa-Gjecaj-300x47.png 300w\" alt=\"\" width=\"665\" height=\"104\" \/><\/p><ul><li style=\"list-style-type: none;\"><ul><li>Hani i Hotit (Mali i Zi) &#8211; Shkod\u00ebr &#8211; Theth.<\/li><\/ul><\/li><\/ul><ul><li style=\"list-style-type: none;\"><ul><li>Qaf\u00eb Morine (Kosov\u00eb) &#8211; Kukes &#8211; Milot &#8211; Shkoder &#8211; Theth.<\/li><\/ul><\/li><\/ul><ul><li style=\"list-style-type: none;\"><ul><li>Qaf\u00eb Prush (Kosov\u00eb) &#8211; Tropoje &#8211; Qafe Mali &#8211; Vau Dejes &#8211; Shkoder &#8211; Theth.<\/li><\/ul><\/li><\/ul><ul><li style=\"list-style-type: none;\"><ul><li>Qaf\u00eb Prush (Kosov\u00eb) &#8211; Tropoj\u00eb &#8211; Koman (duke udh\u00ebtuar me traget n\u00ebp\u00ebr liqenin e Komanit) &#8211; Shkod\u00ebr &#8211; Theth.<\/li><\/ul><\/li><\/ul><ul><li style=\"list-style-type: none;\"><ul><li>Qaf\u00eb Thane (Maqedoni) &#8211; Elbasan &#8211; Tirane &#8211; Shkoder &#8211; Theth<\/li><\/ul><\/li><\/ul><ul><li style=\"list-style-type: none;\"><ul><li>Porti i Barit (Itali) &#8211; Durres &#8211; Tirane &#8211; Shkoder &#8211; Theth.<\/li><\/ul><\/li><\/ul><ul><li style=\"list-style-type: none;\"><ul><li>Korfuz &#8211; Sarand\u00eb &#8211; Tiran\u00eb &#8211; Shkod\u00ebr &#8211; Theth.<\/li><\/ul><\/li><\/ul><ul><li style=\"list-style-type: none;\"><ul><li>Kakavije (Greqi) &#8211; Gjirokaster &#8211; Fier &#8211; Tirane &#8211; Shkoder &#8211; Theth.<\/li><\/ul><\/li><\/ul><ul><li style=\"list-style-type: none;\"><ul><li>Kapshtice (Greqi) &#8211; Korce &#8211; Elbasan &#8211; Tirane &#8211; Shkoder &#8211; Theth.<\/li><\/ul><\/li><\/ul>\t\t\t\t\t\t\t\t<\/div>\n\t\t\t\t<\/div>\n\t\t\t\t\t<\/div>\n\t\t<\/div>\n\t\t\t\t\t<\/div>\n\t\t<\/section>\n\t\t\t\t<\/div>\n\t\t","protected":false},"excerpt":{"rendered":"<p>Vendndodhja dhe udh\u00ebzimet SI T\u00cb ARRISH VILLA GJE\u00c7AJ N\u00ebse keni rezervuar tashm\u00eb strehim n\u00eb bujtin\u00ebn ton\u00eb, duhet t\u00eb mendoni t\u00eb arrini k\u00ebtu! Villa Gje\u00e7aj \u00ebsht\u00eb vendosur n\u00eb qend\u00ebr t\u00eb Thethit, vet\u00ebm 300 mt n\u00eb t\u00eb majt\u00eb t\u00eb ur\u00ebs kryesore dhe t\u00eb vetmen mbi lumin e Thethit. Ura \u00ebsht\u00eb pika e&#8230;<\/p>\n","protected":false},"author":1,"featured_media":2329,"parent":0,"menu_order":0,"comment_status":"closed","ping_status":"closed","template":"","meta":{"nf_dc_page":"","footnotes":""},"class_list":["post-3530","page","type-page","status-publish","has-post-thumbnail","hentry"],"yoast_head":"<!-- This site is optimized with the Yoast SEO plugin v27.4 - https:\/\/yoast.com\/product\/yoast-seo-wordpress\/ -->\n<title>Vendndodhja dhe udh\u00ebzimet - Villa Gjecaj<\/title>\n<meta name=\"description\" content=\"Villa Gje\u00e7aj \u00ebsht\u00eb vendosur n\u00eb qend\u00ebr t\u00eb Thethit, vet\u00ebm 300 mt n\u00eb t\u00eb majt\u00eb t\u00eb ur\u00ebs kryesore dhe t\u00eb vetmen mbi lumin e Thethit (Lumi i Shales).\" \/>\n<meta name=\"robots\" content=\"index, follow, max-snippet:-1, max-image-preview:large, max-video-preview:-1\" \/>\n<link rel=\"canonical\" href=\"https:\/\/villagjecaj.com\/sq\/vendndodhja-dhe-udhezimet-villa-gjecaj\/\" \/>\n<meta property=\"og:locale\" content=\"sq_AL\" \/>\n<meta property=\"og:type\" content=\"article\" \/>\n<meta property=\"og:title\" content=\"Vendndodhja dhe udh\u00ebzimet - Villa Gjecaj\" \/>\n<meta property=\"og:description\" content=\"Villa Gje\u00e7aj \u00ebsht\u00eb vendosur n\u00eb qend\u00ebr t\u00eb Thethit, vet\u00ebm 300 mt n\u00eb t\u00eb majt\u00eb t\u00eb ur\u00ebs kryesore dhe t\u00eb vetmen mbi lumin e Thethit (Lumi i Shales).\" \/>\n<meta property=\"og:url\" content=\"https:\/\/villagjecaj.com\/sq\/vendndodhja-dhe-udhezimet-villa-gjecaj\/\" \/>\n<meta property=\"og:site_name\" content=\"Villa Gjecaj\" \/>\n<meta property=\"article:publisher\" content=\"https:\/\/www.facebook.com\/VillaGjecajTheth\/\" \/>\n<meta property=\"article:modified_time\" content=\"2022-02-22T11:42:35+00:00\" \/>\n<meta property=\"og:image\" content=\"https:\/\/villagjecaj.com\/wp-content\/uploads\/2018\/01\/Getting-here-THETH.jpeg\" \/>\n\t<meta property=\"og:image:width\" content=\"700\" \/>\n\t<meta property=\"og:image:height\" content=\"491\" \/>\n\t<meta property=\"og:image:type\" content=\"image\/jpeg\" \/>\n<meta name=\"twitter:card\" content=\"summary_large_image\" \/>\n<meta name=\"twitter:site\" content=\"@villagjecaj\" \/>\n<meta name=\"twitter:label1\" content=\"Est. reading time\" \/>\n\t<meta name=\"twitter:data1\" content=\"3 minutes\" \/>\n<script type=\"application\/ld+json\" class=\"yoast-schema-graph\">{\"@context\":\"https:\\\/\\\/schema.org\",\"@graph\":[{\"@type\":\"WebPage\",\"@id\":\"https:\\\/\\\/villagjecaj.com\\\/sq\\\/vendndodhja-dhe-udhezimet-villa-gjecaj\\\/\",\"url\":\"https:\\\/\\\/villagjecaj.com\\\/sq\\\/vendndodhja-dhe-udhezimet-villa-gjecaj\\\/\",\"name\":\"Vendndodhja dhe udh\u00ebzimet - Villa Gjecaj\",\"isPartOf\":{\"@id\":\"https:\\\/\\\/villagjecaj.com\\\/#website\"},\"primaryImageOfPage\":{\"@id\":\"https:\\\/\\\/villagjecaj.com\\\/sq\\\/vendndodhja-dhe-udhezimet-villa-gjecaj\\\/#primaryimage\"},\"image\":{\"@id\":\"https:\\\/\\\/villagjecaj.com\\\/sq\\\/vendndodhja-dhe-udhezimet-villa-gjecaj\\\/#primaryimage\"},\"thumbnailUrl\":\"https:\\\/\\\/villagjecaj.com\\\/wp-content\\\/uploads\\\/2018\\\/01\\\/Getting-here-THETH.jpeg\",\"datePublished\":\"2018-01-06T09:05:54+00:00\",\"dateModified\":\"2022-02-22T11:42:35+00:00\",\"description\":\"Villa Gje\u00e7aj \u00ebsht\u00eb vendosur n\u00eb qend\u00ebr t\u00eb Thethit, vet\u00ebm 300 mt n\u00eb t\u00eb majt\u00eb t\u00eb ur\u00ebs kryesore dhe t\u00eb vetmen mbi lumin e Thethit (Lumi i Shales).\",\"breadcrumb\":{\"@id\":\"https:\\\/\\\/villagjecaj.com\\\/sq\\\/vendndodhja-dhe-udhezimet-villa-gjecaj\\\/#breadcrumb\"},\"inLanguage\":\"sq-AL\",\"potentialAction\":[{\"@type\":\"ReadAction\",\"target\":[\"https:\\\/\\\/villagjecaj.com\\\/sq\\\/vendndodhja-dhe-udhezimet-villa-gjecaj\\\/\"]}]},{\"@type\":\"ImageObject\",\"inLanguage\":\"sq-AL\",\"@id\":\"https:\\\/\\\/villagjecaj.com\\\/sq\\\/vendndodhja-dhe-udhezimet-villa-gjecaj\\\/#primaryimage\",\"url\":\"https:\\\/\\\/villagjecaj.com\\\/wp-content\\\/uploads\\\/2018\\\/01\\\/Getting-here-THETH.jpeg\",\"contentUrl\":\"https:\\\/\\\/villagjecaj.com\\\/wp-content\\\/uploads\\\/2018\\\/01\\\/Getting-here-THETH.jpeg\",\"width\":700,\"height\":491,\"caption\":\"Getting here THETH\"},{\"@type\":\"BreadcrumbList\",\"@id\":\"https:\\\/\\\/villagjecaj.com\\\/sq\\\/vendndodhja-dhe-udhezimet-villa-gjecaj\\\/#breadcrumb\",\"itemListElement\":[{\"@type\":\"ListItem\",\"position\":1,\"name\":\"Home\",\"item\":\"https:\\\/\\\/villagjecaj.com\\\/sq\\\/\"},{\"@type\":\"ListItem\",\"position\":2,\"name\":\"Vendndodhja dhe udh\u00ebzimet\"}]},{\"@type\":\"WebSite\",\"@id\":\"https:\\\/\\\/villagjecaj.com\\\/#website\",\"url\":\"https:\\\/\\\/villagjecaj.com\\\/\",\"name\":\"Villa Gjecaj\",\"description\":\"Guesthouse and Restaurant in Theth Albanian Alps\",\"publisher\":{\"@id\":\"https:\\\/\\\/villagjecaj.com\\\/#organization\"},\"potentialAction\":[{\"@type\":\"SearchAction\",\"target\":{\"@type\":\"EntryPoint\",\"urlTemplate\":\"https:\\\/\\\/villagjecaj.com\\\/?s={search_term_string}\"},\"query-input\":{\"@type\":\"PropertyValueSpecification\",\"valueRequired\":true,\"valueName\":\"search_term_string\"}}],\"inLanguage\":\"sq-AL\"},{\"@type\":\"Organization\",\"@id\":\"https:\\\/\\\/villagjecaj.com\\\/#organization\",\"name\":\"Villa Gjecaj\",\"url\":\"https:\\\/\\\/villagjecaj.com\\\/\",\"logo\":{\"@type\":\"ImageObject\",\"inLanguage\":\"sq-AL\",\"@id\":\"https:\\\/\\\/villagjecaj.com\\\/#\\\/schema\\\/logo\\\/image\\\/\",\"url\":\"https:\\\/\\\/villagjecaj.com\\\/wp-content\\\/uploads\\\/2021\\\/01\\\/Logo-villa-gjecaj.png\",\"contentUrl\":\"https:\\\/\\\/villagjecaj.com\\\/wp-content\\\/uploads\\\/2021\\\/01\\\/Logo-villa-gjecaj.png\",\"width\":300,\"height\":300,\"caption\":\"Villa Gjecaj\"},\"image\":{\"@id\":\"https:\\\/\\\/villagjecaj.com\\\/#\\\/schema\\\/logo\\\/image\\\/\"},\"sameAs\":[\"https:\\\/\\\/www.facebook.com\\\/VillaGjecajTheth\\\/\",\"https:\\\/\\\/x.com\\\/villagjecaj\",\"https:\\\/\\\/www.instagram.com\\\/villagjecaj.theth\\\/\",\"https:\\\/\\\/www.linkedin.com\\\/company\\\/villagjecaj\",\"https:\\\/\\\/www.youtube.com\\\/c\\\/VillaGjecajTheth\\\/about\"]}]}<\/script>\n<!-- \/ Yoast SEO plugin. -->","yoast_head_json":{"title":"Vendndodhja dhe udh\u00ebzimet - Villa Gjecaj","description":"Villa Gje\u00e7aj \u00ebsht\u00eb vendosur n\u00eb qend\u00ebr t\u00eb Thethit, vet\u00ebm 300 mt n\u00eb t\u00eb majt\u00eb t\u00eb ur\u00ebs kryesore dhe t\u00eb vetmen mbi lumin e Thethit (Lumi i Shales).","robots":{"index":"index","follow":"follow","max-snippet":"max-snippet:-1","max-image-preview":"max-image-preview:large","max-video-preview":"max-video-preview:-1"},"canonical":"https:\/\/villagjecaj.com\/sq\/vendndodhja-dhe-udhezimet-villa-gjecaj\/","og_locale":"sq_AL","og_type":"article","og_title":"Vendndodhja dhe udh\u00ebzimet - Villa Gjecaj","og_description":"Villa Gje\u00e7aj \u00ebsht\u00eb vendosur n\u00eb qend\u00ebr t\u00eb Thethit, vet\u00ebm 300 mt n\u00eb t\u00eb majt\u00eb t\u00eb ur\u00ebs kryesore dhe t\u00eb vetmen mbi lumin e Thethit (Lumi i Shales).","og_url":"https:\/\/villagjecaj.com\/sq\/vendndodhja-dhe-udhezimet-villa-gjecaj\/","og_site_name":"Villa Gjecaj","article_publisher":"https:\/\/www.facebook.com\/VillaGjecajTheth\/","article_modified_time":"2022-02-22T11:42:35+00:00","og_image":[{"width":700,"height":491,"url":"https:\/\/villagjecaj.com\/wp-content\/uploads\/2018\/01\/Getting-here-THETH.jpeg","type":"image\/jpeg"}],"twitter_card":"summary_large_image","twitter_site":"@villagjecaj","twitter_misc":{"Est. reading time":"3 minutes"},"schema":{"@context":"https:\/\/schema.org","@graph":[{"@type":"WebPage","@id":"https:\/\/villagjecaj.com\/sq\/vendndodhja-dhe-udhezimet-villa-gjecaj\/","url":"https:\/\/villagjecaj.com\/sq\/vendndodhja-dhe-udhezimet-villa-gjecaj\/","name":"Vendndodhja dhe udh\u00ebzimet - Villa Gjecaj","isPartOf":{"@id":"https:\/\/villagjecaj.com\/#website"},"primaryImageOfPage":{"@id":"https:\/\/villagjecaj.com\/sq\/vendndodhja-dhe-udhezimet-villa-gjecaj\/#primaryimage"},"image":{"@id":"https:\/\/villagjecaj.com\/sq\/vendndodhja-dhe-udhezimet-villa-gjecaj\/#primaryimage"},"thumbnailUrl":"https:\/\/villagjecaj.com\/wp-content\/uploads\/2018\/01\/Getting-here-THETH.jpeg","datePublished":"2018-01-06T09:05:54+00:00","dateModified":"2022-02-22T11:42:35+00:00","description":"Villa Gje\u00e7aj \u00ebsht\u00eb vendosur n\u00eb qend\u00ebr t\u00eb Thethit, vet\u00ebm 300 mt n\u00eb t\u00eb majt\u00eb t\u00eb ur\u00ebs kryesore dhe t\u00eb vetmen mbi lumin e Thethit (Lumi i Shales).","breadcrumb":{"@id":"https:\/\/villagjecaj.com\/sq\/vendndodhja-dhe-udhezimet-villa-gjecaj\/#breadcrumb"},"inLanguage":"sq-AL","potentialAction":[{"@type":"ReadAction","target":["https:\/\/villagjecaj.com\/sq\/vendndodhja-dhe-udhezimet-villa-gjecaj\/"]}]},{"@type":"ImageObject","inLanguage":"sq-AL","@id":"https:\/\/villagjecaj.com\/sq\/vendndodhja-dhe-udhezimet-villa-gjecaj\/#primaryimage","url":"https:\/\/villagjecaj.com\/wp-content\/uploads\/2018\/01\/Getting-here-THETH.jpeg","contentUrl":"https:\/\/villagjecaj.com\/wp-content\/uploads\/2018\/01\/Getting-here-THETH.jpeg","width":700,"height":491,"caption":"Getting here THETH"},{"@type":"BreadcrumbList","@id":"https:\/\/villagjecaj.com\/sq\/vendndodhja-dhe-udhezimet-villa-gjecaj\/#breadcrumb","itemListElement":[{"@type":"ListItem","position":1,"name":"Home","item":"https:\/\/villagjecaj.com\/sq\/"},{"@type":"ListItem","position":2,"name":"Vendndodhja dhe udh\u00ebzimet"}]},{"@type":"WebSite","@id":"https:\/\/villagjecaj.com\/#website","url":"https:\/\/villagjecaj.com\/","name":"Villa Gjecaj","description":"Guesthouse and Restaurant in Theth Albanian Alps","publisher":{"@id":"https:\/\/villagjecaj.com\/#organization"},"potentialAction":[{"@type":"SearchAction","target":{"@type":"EntryPoint","urlTemplate":"https:\/\/villagjecaj.com\/?s={search_term_string}"},"query-input":{"@type":"PropertyValueSpecification","valueRequired":true,"valueName":"search_term_string"}}],"inLanguage":"sq-AL"},{"@type":"Organization","@id":"https:\/\/villagjecaj.com\/#organization","name":"Villa Gjecaj","url":"https:\/\/villagjecaj.com\/","logo":{"@type":"ImageObject","inLanguage":"sq-AL","@id":"https:\/\/villagjecaj.com\/#\/schema\/logo\/image\/","url":"https:\/\/villagjecaj.com\/wp-content\/uploads\/2021\/01\/Logo-villa-gjecaj.png","contentUrl":"https:\/\/villagjecaj.com\/wp-content\/uploads\/2021\/01\/Logo-villa-gjecaj.png","width":300,"height":300,"caption":"Villa Gjecaj"},"image":{"@id":"https:\/\/villagjecaj.com\/#\/schema\/logo\/image\/"},"sameAs":["https:\/\/www.facebook.com\/VillaGjecajTheth\/","https:\/\/x.com\/villagjecaj","https:\/\/www.instagram.com\/villagjecaj.theth\/","https:\/\/www.linkedin.com\/company\/villagjecaj","https:\/\/www.youtube.com\/c\/VillaGjecajTheth\/about"]}]}},"_links":{"self":[{"href":"https:\/\/villagjecaj.com\/sq\/wp-json\/wp\/v2\/pages\/3530","targetHints":{"allow":["GET"]}}],"collection":[{"href":"https:\/\/villagjecaj.com\/sq\/wp-json\/wp\/v2\/pages"}],"about":[{"href":"https:\/\/villagjecaj.com\/sq\/wp-json\/wp\/v2\/types\/page"}],"author":[{"embeddable":true,"href":"https:\/\/villagjecaj.com\/sq\/wp-json\/wp\/v2\/users\/1"}],"replies":[{"embeddable":true,"href":"https:\/\/villagjecaj.com\/sq\/wp-json\/wp\/v2\/comments?post=3530"}],"version-history":[{"count":0,"href":"https:\/\/villagjecaj.com\/sq\/wp-json\/wp\/v2\/pages\/3530\/revisions"}],"wp:featuredmedia":[{"embeddable":true,"href":"https:\/\/villagjecaj.com\/sq\/wp-json\/wp\/v2\/media\/2329"}],"wp:attachment":[{"href":"https:\/\/villagjecaj.com\/sq\/wp-json\/wp\/v2\/media?parent=3530"}],"curies":[{"name":"wp","href":"https:\/\/api.w.org\/{rel}","templated":true}]}}