{"id":3550,"date":"2018-01-08T20:59:03","date_gmt":"2018-01-08T20:59:03","guid":{"rendered":"https:\/\/villagjecaj.com\/?page_id=3550"},"modified":"2022-02-17T14:54:01","modified_gmt":"2022-02-17T14:54:01","slug":"mikepritesit","status":"publish","type":"page","link":"https:\/\/villagjecaj.com\/sq\/mikepritesit\/","title":{"rendered":"Mikepritesit"},"content":{"rendered":"\t\t<div data-elementor-type=\"wp-page\" data-elementor-id=\"3550\" class=\"elementor elementor-3550\">\n\t\t\t\t\t\t<section class=\"elementor-section elementor-top-section elementor-element elementor-element-7565dc1a elementor-section-boxed elementor-section-height-default elementor-section-height-default\" data-id=\"7565dc1a\" data-element_type=\"section\" data-e-type=\"section\">\n\t\t\t\t\t\t<div class=\"elementor-container elementor-column-gap-default\">\n\t\t\t\t\t<div class=\"elementor-column elementor-col-100 elementor-top-column elementor-element elementor-element-4025d137\" data-id=\"4025d137\" data-element_type=\"column\" data-e-type=\"column\">\n\t\t\t<div class=\"elementor-widget-wrap elementor-element-populated\">\n\t\t\t\t\t\t<div class=\"elementor-element elementor-element-7694494d elementor-widget elementor-widget-text-editor\" data-id=\"7694494d\" data-element_type=\"widget\" data-e-type=\"widget\" data-widget_type=\"text-editor.default\">\n\t\t\t\t<div class=\"elementor-widget-container\">\n\t\t\t\t\t\t\t\t\t<h4 class=\"MsoNormal\" style=\"margin-bottom: 0.0001pt;\" align=\"center\"><strong><span style=\"font-size: 14.0pt; line-height: 107%; font-family: 'Calibri Light',sans-serif; mso-ascii-theme-font: major-latin; mso-fareast-font-family: 'Times New Roman'; mso-fareast-theme-font: major-fareast; mso-hansi-theme-font: major-latin; mso-bidi-font-family: 'Times New Roman'; mso-bidi-theme-font: major-bidi; color: #595959; mso-themecolor: text1; mso-themetint: 166; mso-style-textfill-fill-color: #595959; mso-style-textfill-fill-themecolor: text1; mso-style-textfill-fill-alpha: 100.0%; mso-style-textfill-fill-colortransforms: 'lumm=65000 lumo=35000';\">Tani<\/span><\/strong><b><span style=\"font-size: 14.0pt; line-height: 107%; font-family: 'Calibri Light',sans-serif; mso-ascii-theme-font: major-latin; mso-fareast-font-family: 'Times New Roman'; mso-fareast-theme-font: major-fareast; mso-hansi-theme-font: major-latin; mso-bidi-font-family: 'Times New Roman'; mso-bidi-theme-font: major-bidi; color: #595959; mso-themecolor: text1; mso-themetint: 166; mso-style-textfill-fill-color: #595959; mso-style-textfill-fill-themecolor: text1; mso-style-textfill-fill-alpha: 100.0%; mso-style-textfill-fill-colortransforms: 'lumm=65000 lumo=35000';\"><strong> j<\/strong>emi n\u00eb gjenerat\u00ebn e dyt\u00eb t\u00eb drejtimit t\u00eb k\u00ebtij biznesi t\u00eb mikpritjes n\u00eb bujtin\u00ebn ton\u00eb \u2018Villa Gjecaj\u2019.<\/span><\/b><\/h4><p class=\"MsoNormal\" style=\"margin-bottom: 0.0001pt;\" align=\"center\"><span style=\"font-size: 14.0pt; mso-bidi-font-size: 11.0pt; line-height: 107%; font-family: 'Calibri Light',sans-serif; mso-ascii-theme-font: major-latin; mso-hansi-theme-font: major-latin; mso-bidi-font-family: 'Times New Roman'; color: #595959; mso-themecolor: text1; mso-themetint: 166; mso-style-textfill-fill-color: #595959; mso-style-textfill-fill-themecolor: text1; mso-style-textfill-fill-alpha: 100.0%; mso-style-textfill-fill-colortransforms: 'lumm=65000 lumo=35000';\">\u00a0<\/span><\/p><p class=\"MsoNormal\" style=\"margin-bottom: 0.0001pt;\" align=\"center\"><span style=\"font-size: 14.0pt; mso-bidi-font-size: 11.0pt; line-height: 107%; font-family: 'Calibri Light',sans-serif; mso-ascii-theme-font: major-latin; mso-hansi-theme-font: major-latin; mso-bidi-font-family: 'Times New Roman'; color: #595959; mso-themecolor: text1; mso-themetint: 166; mso-style-textfill-fill-color: #595959; mso-style-textfill-fill-themecolor: text1; mso-style-textfill-fill-alpha: 100.0%; mso-style-textfill-fill-colortransforms: 'lumm=65000 lumo=35000';\">Pas 12 vitesh mikpritje nga prindrit Lula &amp; Ndoc Gjecaj, t\u00eb cil\u00ebt e filluan n\u00eb nj\u00eb m\u00ebnyr\u00eb t\u00eb thjesht\u00eb me turistin e par\u00eb t\u00eb huaj n\u00eb Theth, duke ofruar s\u00eb pari disa biskota dhe l\u00ebng frutash t\u00eb fresk\u00ebt p\u00ebr t\u2019u kthyer n\u00eb vendin m\u00eb t\u00ebrheq\u00ebs p\u00ebr t\u00eb ngr\u00ebn\u00eb n\u00eb Theth. N\u00ebse doni t\u00eb hani di\u00e7ka t\u00eb mir\u00eb me gatime lokale &#8220;duhet t\u00eb shkoni tek Lula&#8221; \u2013 sygjerojn\u00eb vet mysafir\u00ebt e m\u00ebparsh\u00ebm. Ata prodhojn\u00eb gjith\u00e7ka q\u00eb ju nevojitet n\u00eb kuzhin\u00eb nga ferma e tyre e vog\u00ebl. Sot, Lula dhe Ndoc nuk kan\u00eb m\u00eb t\u00eb nj\u00ebjt\u00ebn forc\u00eb edhe pse p\u00ebrkushtimi i tyre p\u00ebr pun\u00ebn nuk ka ndryshuar.<\/span><\/p><p class=\"MsoNormal\" style=\"margin-bottom: 0.0001pt;\" align=\"center\"><span style=\"font-size: 14.0pt; mso-bidi-font-size: 11.0pt; line-height: 107%; font-family: 'Calibri Light',sans-serif; mso-ascii-theme-font: major-latin; mso-hansi-theme-font: major-latin; mso-bidi-font-family: 'Times New Roman'; color: #595959; mso-themecolor: text1; mso-themetint: 166; mso-style-textfill-fill-color: #595959; mso-style-textfill-fill-themecolor: text1; mso-style-textfill-fill-alpha: 100.0%; mso-style-textfill-fill-colortransforms: 'lumm=65000 lumo=35000';\">\u00a0<\/span><\/p><p class=\"MsoNormal\" style=\"margin-bottom: 0.0001pt;\" align=\"center\"><b><span style=\"font-size: 14.0pt; line-height: 107%; font-family: 'Calibri Light',sans-serif; mso-ascii-theme-font: major-latin; mso-fareast-font-family: 'Times New Roman'; mso-fareast-theme-font: major-fareast; mso-hansi-theme-font: major-latin; mso-bidi-font-family: 'Times New Roman'; mso-bidi-theme-font: major-bidi; color: #595959; mso-themecolor: text1; mso-themetint: 166; mso-style-textfill-fill-color: #595959; mso-style-textfill-fill-themecolor: text1; mso-style-textfill-fill-alpha: 100.0%; mso-style-textfill-fill-colortransforms: 'lumm=65000 lumo=35000';\">Brezi i ri &#8211; Aida &amp; Petrit Gje\u00e7aj<\/span><\/b><\/p><p><span style=\"font-size: 14.0pt; mso-bidi-font-size: 11.0pt; line-height: 107%; font-family: 'Calibri Light',sans-serif; mso-ascii-theme-font: major-latin; mso-hansi-theme-font: major-latin; mso-bidi-font-family: 'Times New Roman'; color: #595959; mso-themecolor: text1; mso-themetint: 166; mso-style-textfill-fill-color: #595959; mso-style-textfill-fill-themecolor: text1; mso-style-textfill-fill-alpha: 100.0%; mso-style-textfill-fill-colortransforms: 'lumm=65000 lumo=35000';\">Nj\u00eb cift me nj\u00eb vizion t\u00eb qart\u00eb p\u00ebr t\u00eb ardhmen e turizmit n\u00eb Theth dhe ve\u00e7an\u00ebrisht t\u00eb rritjes s\u00eb agrobiznesit t\u00eb tyre. Ata jan\u00eb inovativ\u00eb dhe fleksib\u00ebl, q\u00eb tregojn\u00eb mikpritje t\u00eb shk\u00eblqyeshme dhe t\u00eb dobishme n\u00eb \u00e7do moment. Komunikimi \u00ebsht\u00eb aft\u00ebsia e tyre m\u00eb e fort\u00eb q\u00eb ata kan\u00eb. Petrit &amp; Aida po rrisin dy vajza t\u00eb bukura s\u00eb bashku dhe ata shpresojn\u00eb t\u00eb rriten m\u00eb shum\u00eb. N\u00eb pes\u00eb vitet e fundit, ne kemi pasur nj\u00eb transferim t\u00eb but\u00eb t\u00eb detyrave dhe detyrimeve nga brezi i par\u00eb.<\/span><\/p>\t\t\t\t\t\t\t\t<\/div>\n\t\t\t\t<\/div>\n\t\t\t\t\t<\/div>\n\t\t<\/div>\n\t\t\t\t\t<\/div>\n\t\t<\/section>\n\t\t\t\t<section class=\"elementor-section elementor-top-section elementor-element elementor-element-a502477 elementor-section-boxed elementor-section-height-default elementor-section-height-default\" data-id=\"a502477\" data-element_type=\"section\" data-e-type=\"section\">\n\t\t\t\t\t\t<div class=\"elementor-container elementor-column-gap-default\">\n\t\t\t\t\t<div class=\"elementor-column elementor-col-33 elementor-top-column elementor-element elementor-element-31badcb\" data-id=\"31badcb\" data-element_type=\"column\" data-e-type=\"column\">\n\t\t\t<div class=\"elementor-widget-wrap elementor-element-populated\">\n\t\t\t\t\t\t<div class=\"elementor-element elementor-element-e431e47 elementor-widget elementor-widget-image\" data-id=\"e431e47\" data-element_type=\"widget\" data-e-type=\"widget\" data-widget_type=\"image.default\">\n\t\t\t\t<div class=\"elementor-widget-container\">\n\t\t\t\t\t\t\t\t\t\t\t\t\t\t\t<img loading=\"lazy\" decoding=\"async\" loading=\"lazy\" width=\"640\" height=\"366\" src=\"https:\/\/villagjecaj.com\/wp-content\/uploads\/2022\/02\/ndoc-1024x585.jpg\" class=\"attachment-large size-large wp-image-11460\" alt=\"\" srcset=\"https:\/\/villagjecaj.com\/wp-content\/uploads\/2022\/02\/ndoc-1024x585.jpg 1024w, https:\/\/villagjecaj.com\/wp-content\/uploads\/2022\/02\/ndoc-300x171.jpg 300w, https:\/\/villagjecaj.com\/wp-content\/uploads\/2022\/02\/ndoc-768x439.jpg 768w, https:\/\/villagjecaj.com\/wp-content\/uploads\/2022\/02\/ndoc-600x343.jpg 600w, https:\/\/villagjecaj.com\/wp-content\/uploads\/2022\/02\/ndoc.jpg 1050w\" sizes=\"auto, (max-width: 640px) 100vw, 640px\" \/>\t\t\t\t\t\t\t\t\t\t\t\t\t\t\t<\/div>\n\t\t\t\t<\/div>\n\t\t\t\t\t<\/div>\n\t\t<\/div>\n\t\t\t\t<div class=\"elementor-column elementor-col-33 elementor-top-column elementor-element elementor-element-ccbb577\" data-id=\"ccbb577\" data-element_type=\"column\" data-e-type=\"column\">\n\t\t\t<div class=\"elementor-widget-wrap elementor-element-populated\">\n\t\t\t\t\t\t<div class=\"elementor-element elementor-element-db97de1 elementor-widget elementor-widget-image\" data-id=\"db97de1\" data-element_type=\"widget\" data-e-type=\"widget\" data-widget_type=\"image.default\">\n\t\t\t\t<div class=\"elementor-widget-container\">\n\t\t\t\t\t\t\t\t\t\t\t\t\t\t\t<img loading=\"lazy\" decoding=\"async\" loading=\"lazy\" width=\"640\" height=\"366\" src=\"https:\/\/villagjecaj.com\/wp-content\/uploads\/2022\/02\/Hostes-villa-1024x585.jpg\" class=\"attachment-large size-large wp-image-11459\" alt=\"\" srcset=\"https:\/\/villagjecaj.com\/wp-content\/uploads\/2022\/02\/Hostes-villa-1024x585.jpg 1024w, https:\/\/villagjecaj.com\/wp-content\/uploads\/2022\/02\/Hostes-villa-300x171.jpg 300w, https:\/\/villagjecaj.com\/wp-content\/uploads\/2022\/02\/Hostes-villa-768x439.jpg 768w, https:\/\/villagjecaj.com\/wp-content\/uploads\/2022\/02\/Hostes-villa-600x343.jpg 600w, https:\/\/villagjecaj.com\/wp-content\/uploads\/2022\/02\/Hostes-villa.jpg 1050w\" sizes=\"auto, (max-width: 640px) 100vw, 640px\" \/>\t\t\t\t\t\t\t\t\t\t\t\t\t\t\t<\/div>\n\t\t\t\t<\/div>\n\t\t\t\t\t<\/div>\n\t\t<\/div>\n\t\t\t\t<div class=\"elementor-column elementor-col-33 elementor-top-column elementor-element elementor-element-e7e520d\" data-id=\"e7e520d\" data-element_type=\"column\" data-e-type=\"column\">\n\t\t\t<div class=\"elementor-widget-wrap elementor-element-populated\">\n\t\t\t\t\t\t<div class=\"elementor-element elementor-element-17f05f4 elementor-widget elementor-widget-image\" data-id=\"17f05f4\" data-element_type=\"widget\" data-e-type=\"widget\" data-widget_type=\"image.default\">\n\t\t\t\t<div class=\"elementor-widget-container\">\n\t\t\t\t\t\t\t\t\t\t\t\t\t\t\t<img loading=\"lazy\" decoding=\"async\" loading=\"lazy\" width=\"640\" height=\"366\" src=\"https:\/\/villagjecaj.com\/wp-content\/uploads\/2022\/02\/foto-hosts-villa-1024x585.jpg\" class=\"attachment-large size-large wp-image-11458\" alt=\"\" srcset=\"https:\/\/villagjecaj.com\/wp-content\/uploads\/2022\/02\/foto-hosts-villa-1024x585.jpg 1024w, https:\/\/villagjecaj.com\/wp-content\/uploads\/2022\/02\/foto-hosts-villa-300x171.jpg 300w, https:\/\/villagjecaj.com\/wp-content\/uploads\/2022\/02\/foto-hosts-villa-768x439.jpg 768w, https:\/\/villagjecaj.com\/wp-content\/uploads\/2022\/02\/foto-hosts-villa-600x343.jpg 600w, https:\/\/villagjecaj.com\/wp-content\/uploads\/2022\/02\/foto-hosts-villa.jpg 1050w\" sizes=\"auto, (max-width: 640px) 100vw, 640px\" \/>\t\t\t\t\t\t\t\t\t\t\t\t\t\t\t<\/div>\n\t\t\t\t<\/div>\n\t\t\t\t\t<\/div>\n\t\t<\/div>\n\t\t\t\t\t<\/div>\n\t\t<\/section>\n\t\t\t\t<\/div>\n\t\t","protected":false},"excerpt":{"rendered":"<p>Tani jemi n\u00eb gjenerat\u00ebn e dyt\u00eb t\u00eb drejtimit t\u00eb k\u00ebtij biznesi t\u00eb mikpritjes n\u00eb bujtin\u00ebn ton\u00eb \u2018Villa Gjecaj\u2019. Pas 12 vitesh mikpritje nga prindrit Lula &amp; Ndoc Gjecaj, t\u00eb cil\u00ebt e filluan n\u00eb nj\u00eb m\u00ebnyr\u00eb t\u00eb thjesht\u00eb me turistin e par\u00eb t\u00eb huaj n\u00eb Theth, duke ofruar s\u00eb pari disa&#8230;<\/p>\n","protected":false},"author":1,"featured_media":3077,"parent":0,"menu_order":0,"comment_status":"closed","ping_status":"closed","template":"","meta":{"nf_dc_page":"","footnotes":""},"class_list":["post-3550","page","type-page","status-publish","has-post-thumbnail","hentry"],"yoast_head":"<!-- This site is optimized with the Yoast SEO plugin v27.4 - https:\/\/yoast.com\/product\/yoast-seo-wordpress\/ -->\n<title>Mikepritesit - Villa Gjecaj Mikepritesit - Mikepritesit<\/title>\n<meta name=\"description\" content=\"After 12 years of hospitality from the couple Lula &amp; Ndoc Gjecaj, who started in a simple way with the first foreign tourist in Theth, offering first some cookies and fresh juice to convert to the most attractive place to eat in Theth. If you want to eat something good and local dishes \u201cyou have to go to Lula\u2019s place\u201d \u2013 they use to say.\" \/>\n<meta name=\"robots\" content=\"index, follow, max-snippet:-1, max-image-preview:large, max-video-preview:-1\" \/>\n<link rel=\"canonical\" href=\"https:\/\/villagjecaj.com\/sq\/mikepritesit\/\" \/>\n<meta property=\"og:locale\" content=\"sq_AL\" \/>\n<meta property=\"og:type\" content=\"article\" \/>\n<meta property=\"og:title\" content=\"Mikepritesit - Villa Gjecaj Mikepritesit - Mikepritesit\" \/>\n<meta property=\"og:description\" content=\"After 12 years of hospitality from the couple Lula &amp; Ndoc Gjecaj, who started in a simple way with the first foreign tourist in Theth, offering first some cookies and fresh juice to convert to the most attractive place to eat in Theth. If you want to eat something good and local dishes \u201cyou have to go to Lula\u2019s place\u201d \u2013 they use to say.\" \/>\n<meta property=\"og:url\" content=\"https:\/\/villagjecaj.com\/sq\/mikepritesit\/\" \/>\n<meta property=\"og:site_name\" content=\"Villa Gjecaj\" \/>\n<meta property=\"article:publisher\" content=\"https:\/\/www.facebook.com\/VillaGjecajTheth\/\" \/>\n<meta property=\"article:modified_time\" content=\"2022-02-17T14:54:01+00:00\" \/>\n<meta property=\"og:image\" content=\"https:\/\/villagjecaj.com\/wp-content\/uploads\/2021\/01\/Family-Villa-Gjecaj.jpg\" \/>\n\t<meta property=\"og:image:width\" content=\"1800\" \/>\n\t<meta property=\"og:image:height\" content=\"1125\" \/>\n\t<meta property=\"og:image:type\" content=\"image\/jpeg\" \/>\n<meta name=\"twitter:card\" content=\"summary_large_image\" \/>\n<meta name=\"twitter:site\" content=\"@villagjecaj\" \/>\n<meta name=\"twitter:label1\" content=\"Est. reading time\" \/>\n\t<meta name=\"twitter:data1\" content=\"1 minute\" \/>\n<script type=\"application\/ld+json\" class=\"yoast-schema-graph\">{\"@context\":\"https:\\\/\\\/schema.org\",\"@graph\":[{\"@type\":\"WebPage\",\"@id\":\"https:\\\/\\\/villagjecaj.com\\\/sq\\\/mikepritesit\\\/\",\"url\":\"https:\\\/\\\/villagjecaj.com\\\/sq\\\/mikepritesit\\\/\",\"name\":\"Mikepritesit - Villa Gjecaj Mikepritesit - Mikepritesit\",\"isPartOf\":{\"@id\":\"https:\\\/\\\/villagjecaj.com\\\/#website\"},\"primaryImageOfPage\":{\"@id\":\"https:\\\/\\\/villagjecaj.com\\\/sq\\\/mikepritesit\\\/#primaryimage\"},\"image\":{\"@id\":\"https:\\\/\\\/villagjecaj.com\\\/sq\\\/mikepritesit\\\/#primaryimage\"},\"thumbnailUrl\":\"https:\\\/\\\/villagjecaj.com\\\/wp-content\\\/uploads\\\/2021\\\/01\\\/Family-Villa-Gjecaj.jpg\",\"datePublished\":\"2018-01-08T20:59:03+00:00\",\"dateModified\":\"2022-02-17T14:54:01+00:00\",\"description\":\"After 12 years of hospitality from the couple Lula & Ndoc Gjecaj, who started in a simple way with the first foreign tourist in Theth, offering first some cookies and fresh juice to convert to the most attractive place to eat in Theth. If you want to eat something good and local dishes \u201cyou have to go to Lula\u2019s place\u201d \u2013 they use to say.\",\"breadcrumb\":{\"@id\":\"https:\\\/\\\/villagjecaj.com\\\/sq\\\/mikepritesit\\\/#breadcrumb\"},\"inLanguage\":\"sq-AL\",\"potentialAction\":[{\"@type\":\"ReadAction\",\"target\":[\"https:\\\/\\\/villagjecaj.com\\\/sq\\\/mikepritesit\\\/\"]}]},{\"@type\":\"ImageObject\",\"inLanguage\":\"sq-AL\",\"@id\":\"https:\\\/\\\/villagjecaj.com\\\/sq\\\/mikepritesit\\\/#primaryimage\",\"url\":\"https:\\\/\\\/villagjecaj.com\\\/wp-content\\\/uploads\\\/2021\\\/01\\\/Family-Villa-Gjecaj.jpg\",\"contentUrl\":\"https:\\\/\\\/villagjecaj.com\\\/wp-content\\\/uploads\\\/2021\\\/01\\\/Family-Villa-Gjecaj.jpg\",\"width\":1800,\"height\":1125,\"caption\":\"Family-Villa-Gjecaj\"},{\"@type\":\"BreadcrumbList\",\"@id\":\"https:\\\/\\\/villagjecaj.com\\\/sq\\\/mikepritesit\\\/#breadcrumb\",\"itemListElement\":[{\"@type\":\"ListItem\",\"position\":1,\"name\":\"Home\",\"item\":\"https:\\\/\\\/villagjecaj.com\\\/sq\\\/\"},{\"@type\":\"ListItem\",\"position\":2,\"name\":\"Mikepritesit\"}]},{\"@type\":\"WebSite\",\"@id\":\"https:\\\/\\\/villagjecaj.com\\\/#website\",\"url\":\"https:\\\/\\\/villagjecaj.com\\\/\",\"name\":\"Villa Gjecaj\",\"description\":\"Guesthouse and Restaurant in Theth Albanian Alps\",\"publisher\":{\"@id\":\"https:\\\/\\\/villagjecaj.com\\\/#organization\"},\"potentialAction\":[{\"@type\":\"SearchAction\",\"target\":{\"@type\":\"EntryPoint\",\"urlTemplate\":\"https:\\\/\\\/villagjecaj.com\\\/?s={search_term_string}\"},\"query-input\":{\"@type\":\"PropertyValueSpecification\",\"valueRequired\":true,\"valueName\":\"search_term_string\"}}],\"inLanguage\":\"sq-AL\"},{\"@type\":\"Organization\",\"@id\":\"https:\\\/\\\/villagjecaj.com\\\/#organization\",\"name\":\"Villa Gjecaj\",\"url\":\"https:\\\/\\\/villagjecaj.com\\\/\",\"logo\":{\"@type\":\"ImageObject\",\"inLanguage\":\"sq-AL\",\"@id\":\"https:\\\/\\\/villagjecaj.com\\\/#\\\/schema\\\/logo\\\/image\\\/\",\"url\":\"https:\\\/\\\/villagjecaj.com\\\/wp-content\\\/uploads\\\/2021\\\/01\\\/Logo-villa-gjecaj.png\",\"contentUrl\":\"https:\\\/\\\/villagjecaj.com\\\/wp-content\\\/uploads\\\/2021\\\/01\\\/Logo-villa-gjecaj.png\",\"width\":300,\"height\":300,\"caption\":\"Villa Gjecaj\"},\"image\":{\"@id\":\"https:\\\/\\\/villagjecaj.com\\\/#\\\/schema\\\/logo\\\/image\\\/\"},\"sameAs\":[\"https:\\\/\\\/www.facebook.com\\\/VillaGjecajTheth\\\/\",\"https:\\\/\\\/x.com\\\/villagjecaj\",\"https:\\\/\\\/www.instagram.com\\\/villagjecaj.theth\\\/\",\"https:\\\/\\\/www.linkedin.com\\\/company\\\/villagjecaj\",\"https:\\\/\\\/www.youtube.com\\\/c\\\/VillaGjecajTheth\\\/about\"]}]}<\/script>\n<!-- \/ Yoast SEO plugin. -->","yoast_head_json":{"title":"Mikepritesit - Villa Gjecaj Mikepritesit - Mikepritesit","description":"After 12 years of hospitality from the couple Lula & Ndoc Gjecaj, who started in a simple way with the first foreign tourist in Theth, offering first some cookies and fresh juice to convert to the most attractive place to eat in Theth. If you want to eat something good and local dishes \u201cyou have to go to Lula\u2019s place\u201d \u2013 they use to say.","robots":{"index":"index","follow":"follow","max-snippet":"max-snippet:-1","max-image-preview":"max-image-preview:large","max-video-preview":"max-video-preview:-1"},"canonical":"https:\/\/villagjecaj.com\/sq\/mikepritesit\/","og_locale":"sq_AL","og_type":"article","og_title":"Mikepritesit - Villa Gjecaj Mikepritesit - Mikepritesit","og_description":"After 12 years of hospitality from the couple Lula & Ndoc Gjecaj, who started in a simple way with the first foreign tourist in Theth, offering first some cookies and fresh juice to convert to the most attractive place to eat in Theth. If you want to eat something good and local dishes \u201cyou have to go to Lula\u2019s place\u201d \u2013 they use to say.","og_url":"https:\/\/villagjecaj.com\/sq\/mikepritesit\/","og_site_name":"Villa Gjecaj","article_publisher":"https:\/\/www.facebook.com\/VillaGjecajTheth\/","article_modified_time":"2022-02-17T14:54:01+00:00","og_image":[{"width":1800,"height":1125,"url":"https:\/\/villagjecaj.com\/wp-content\/uploads\/2021\/01\/Family-Villa-Gjecaj.jpg","type":"image\/jpeg"}],"twitter_card":"summary_large_image","twitter_site":"@villagjecaj","twitter_misc":{"Est. reading time":"1 minute"},"schema":{"@context":"https:\/\/schema.org","@graph":[{"@type":"WebPage","@id":"https:\/\/villagjecaj.com\/sq\/mikepritesit\/","url":"https:\/\/villagjecaj.com\/sq\/mikepritesit\/","name":"Mikepritesit - Villa Gjecaj Mikepritesit - Mikepritesit","isPartOf":{"@id":"https:\/\/villagjecaj.com\/#website"},"primaryImageOfPage":{"@id":"https:\/\/villagjecaj.com\/sq\/mikepritesit\/#primaryimage"},"image":{"@id":"https:\/\/villagjecaj.com\/sq\/mikepritesit\/#primaryimage"},"thumbnailUrl":"https:\/\/villagjecaj.com\/wp-content\/uploads\/2021\/01\/Family-Villa-Gjecaj.jpg","datePublished":"2018-01-08T20:59:03+00:00","dateModified":"2022-02-17T14:54:01+00:00","description":"After 12 years of hospitality from the couple Lula & Ndoc Gjecaj, who started in a simple way with the first foreign tourist in Theth, offering first some cookies and fresh juice to convert to the most attractive place to eat in Theth. If you want to eat something good and local dishes \u201cyou have to go to Lula\u2019s place\u201d \u2013 they use to say.","breadcrumb":{"@id":"https:\/\/villagjecaj.com\/sq\/mikepritesit\/#breadcrumb"},"inLanguage":"sq-AL","potentialAction":[{"@type":"ReadAction","target":["https:\/\/villagjecaj.com\/sq\/mikepritesit\/"]}]},{"@type":"ImageObject","inLanguage":"sq-AL","@id":"https:\/\/villagjecaj.com\/sq\/mikepritesit\/#primaryimage","url":"https:\/\/villagjecaj.com\/wp-content\/uploads\/2021\/01\/Family-Villa-Gjecaj.jpg","contentUrl":"https:\/\/villagjecaj.com\/wp-content\/uploads\/2021\/01\/Family-Villa-Gjecaj.jpg","width":1800,"height":1125,"caption":"Family-Villa-Gjecaj"},{"@type":"BreadcrumbList","@id":"https:\/\/villagjecaj.com\/sq\/mikepritesit\/#breadcrumb","itemListElement":[{"@type":"ListItem","position":1,"name":"Home","item":"https:\/\/villagjecaj.com\/sq\/"},{"@type":"ListItem","position":2,"name":"Mikepritesit"}]},{"@type":"WebSite","@id":"https:\/\/villagjecaj.com\/#website","url":"https:\/\/villagjecaj.com\/","name":"Villa Gjecaj","description":"Guesthouse and Restaurant in Theth Albanian Alps","publisher":{"@id":"https:\/\/villagjecaj.com\/#organization"},"potentialAction":[{"@type":"SearchAction","target":{"@type":"EntryPoint","urlTemplate":"https:\/\/villagjecaj.com\/?s={search_term_string}"},"query-input":{"@type":"PropertyValueSpecification","valueRequired":true,"valueName":"search_term_string"}}],"inLanguage":"sq-AL"},{"@type":"Organization","@id":"https:\/\/villagjecaj.com\/#organization","name":"Villa Gjecaj","url":"https:\/\/villagjecaj.com\/","logo":{"@type":"ImageObject","inLanguage":"sq-AL","@id":"https:\/\/villagjecaj.com\/#\/schema\/logo\/image\/","url":"https:\/\/villagjecaj.com\/wp-content\/uploads\/2021\/01\/Logo-villa-gjecaj.png","contentUrl":"https:\/\/villagjecaj.com\/wp-content\/uploads\/2021\/01\/Logo-villa-gjecaj.png","width":300,"height":300,"caption":"Villa Gjecaj"},"image":{"@id":"https:\/\/villagjecaj.com\/#\/schema\/logo\/image\/"},"sameAs":["https:\/\/www.facebook.com\/VillaGjecajTheth\/","https:\/\/x.com\/villagjecaj","https:\/\/www.instagram.com\/villagjecaj.theth\/","https:\/\/www.linkedin.com\/company\/villagjecaj","https:\/\/www.youtube.com\/c\/VillaGjecajTheth\/about"]}]}},"_links":{"self":[{"href":"https:\/\/villagjecaj.com\/sq\/wp-json\/wp\/v2\/pages\/3550","targetHints":{"allow":["GET"]}}],"collection":[{"href":"https:\/\/villagjecaj.com\/sq\/wp-json\/wp\/v2\/pages"}],"about":[{"href":"https:\/\/villagjecaj.com\/sq\/wp-json\/wp\/v2\/types\/page"}],"author":[{"embeddable":true,"href":"https:\/\/villagjecaj.com\/sq\/wp-json\/wp\/v2\/users\/1"}],"replies":[{"embeddable":true,"href":"https:\/\/villagjecaj.com\/sq\/wp-json\/wp\/v2\/comments?post=3550"}],"version-history":[{"count":0,"href":"https:\/\/villagjecaj.com\/sq\/wp-json\/wp\/v2\/pages\/3550\/revisions"}],"wp:featuredmedia":[{"embeddable":true,"href":"https:\/\/villagjecaj.com\/sq\/wp-json\/wp\/v2\/media\/3077"}],"wp:attachment":[{"href":"https:\/\/villagjecaj.com\/sq\/wp-json\/wp\/v2\/media?parent=3550"}],"curies":[{"name":"wp","href":"https:\/\/api.w.org\/{rel}","templated":true}]}}