{"id":3554,"date":"2017-06-15T14:12:39","date_gmt":"2017-06-15T14:12:39","guid":{"rendered":"https:\/\/villagjecaj.com\/?page_id=3554"},"modified":"2024-02-01T12:58:02","modified_gmt":"2024-02-01T12:58:02","slug":"lajme-nga-villa-gjecaj","status":"publish","type":"page","link":"https:\/\/villagjecaj.com\/sq\/lajme-nga-villa-gjecaj\/","title":{"rendered":"Lajme nga Villa Gjecaj"},"content":{"rendered":"\t\t<div data-elementor-type=\"wp-page\" data-elementor-id=\"3554\" class=\"elementor elementor-3554\">\n\t\t\t\t\t\t<section class=\"elementor-section elementor-top-section elementor-element elementor-element-70131e01 elementor-section-boxed elementor-section-height-default elementor-section-height-default\" data-id=\"70131e01\" data-element_type=\"section\" data-e-type=\"section\">\n\t\t\t\t\t\t<div class=\"elementor-container elementor-column-gap-default\">\n\t\t\t\t\t<div class=\"elementor-column elementor-col-50 elementor-top-column elementor-element elementor-element-58b7b0d1\" data-id=\"58b7b0d1\" data-element_type=\"column\" data-e-type=\"column\">\n\t\t\t<div class=\"elementor-widget-wrap elementor-element-populated\">\n\t\t\t\t\t\t<div class=\"elementor-element elementor-element-327bd9ce elementor-drop-cap-yes elementor-drop-cap-view-default elementor-widget elementor-widget-text-editor\" data-id=\"327bd9ce\" data-element_type=\"widget\" data-e-type=\"widget\" data-settings=\"{&quot;drop_cap&quot;:&quot;yes&quot;}\" data-widget_type=\"text-editor.default\">\n\t\t\t\t<div class=\"elementor-widget-container\">\n\t\t\t\t\t\t\t\t\t<h3>\u201cKerkese oferte per F.V. Panele Fotovoltaike\u201d<\/h3>\n<p><strong>Objekti i fteses per Oferte:<\/strong><\/p>\n<p>Furnizim dhe vendosje te paneleve fotovoltaike ne godinen e VILLA GJECAJ GUESTHOUSE &amp; RESTAURANT ne Qender Theth.<\/p>\n<p><strong>Afati i dorezimit te Ofertave:<\/strong><\/p>\n<p>7 Shkurt 2024<\/p>\n<p>Menyra e dorezimit: elektronikisht, me email ne <a href=\"mailto:info@villagjecaj.com\">info@villagjecaj.com<\/a><\/p>\n<p>Dokumente te skanuara sipas origjinalit me firme e vule, pervec atyre te gjeneruar me vule elektronike nga e-albania.<\/p>\n<p><strong>INVESTITOR : Villa Gjecaj Guesthouse &amp; Restaurant (NMV) &#8211; Aida Gjecaj <\/strong><\/p>\n<p><strong>ADRESA: &nbsp;P.F Theth, Shkoder (Parku Kombetar Alpe)<\/strong><\/p>\t\t\t\t\t\t\t\t<\/div>\n\t\t\t\t<\/div>\n\t\t\t\t<div class=\"elementor-element elementor-element-39ae9468 elementor-widget elementor-widget-button\" data-id=\"39ae9468\" data-element_type=\"widget\" data-e-type=\"widget\" data-widget_type=\"button.default\">\n\t\t\t\t<div class=\"elementor-widget-container\">\n\t\t\t\t\t\t\t\t\t<div class=\"elementor-button-wrapper\">\n\t\t\t\t\t<a class=\"elementor-button elementor-button-link elementor-size-sm\" href=\"https:\/\/villagjecaj.com\/sq\/kerkese-oferte-per-f-v-panele-fotovoltaike\/\" target=\"_blank\">\n\t\t\t\t\t\t<span class=\"elementor-button-content-wrapper\">\n\t\t\t\t\t\t\t\t\t<span class=\"elementor-button-text\">Lexo me shume<\/span>\n\t\t\t\t\t<\/span>\n\t\t\t\t\t<\/a>\n\t\t\t\t<\/div>\n\t\t\t\t\t\t\t\t<\/div>\n\t\t\t\t<\/div>\n\t\t\t\t\t<\/div>\n\t\t<\/div>\n\t\t\t\t<div class=\"elementor-column elementor-col-50 elementor-top-column elementor-element elementor-element-4c7df44c\" data-id=\"4c7df44c\" data-element_type=\"column\" data-e-type=\"column\">\n\t\t\t<div class=\"elementor-widget-wrap elementor-element-populated\">\n\t\t\t\t\t\t<div class=\"elementor-element elementor-element-4b9e1a3b elementor-widget elementor-widget-image\" data-id=\"4b9e1a3b\" data-element_type=\"widget\" data-e-type=\"widget\" data-widget_type=\"image.default\">\n\t\t\t\t<div class=\"elementor-widget-container\">\n\t\t\t\t\t\t\t\t\t\t\t\t\t\t\t<img decoding=\"async\" src=\"https:\/\/villagjecaj.com\/wp-content\/uploads\/2022\/06\/villa-gjecaj-theth-7.jpg\" title=\"\" alt=\"\" loading=\"lazy\" \/>\t\t\t\t\t\t\t\t\t\t\t\t\t\t\t<\/div>\n\t\t\t\t<\/div>\n\t\t\t\t\t<\/div>\n\t\t<\/div>\n\t\t\t\t\t<\/div>\n\t\t<\/section>\n\t\t\t\t<section class=\"elementor-section elementor-top-section elementor-element elementor-element-b3e96bb elementor-section-boxed elementor-section-height-default elementor-section-height-default\" data-id=\"b3e96bb\" data-element_type=\"section\" data-e-type=\"section\">\n\t\t\t\t\t\t<div class=\"elementor-container elementor-column-gap-default\">\n\t\t\t\t\t<div class=\"elementor-column elementor-col-50 elementor-top-column elementor-element elementor-element-f4e3dd5\" data-id=\"f4e3dd5\" data-element_type=\"column\" data-e-type=\"column\">\n\t\t\t<div class=\"elementor-widget-wrap elementor-element-populated\">\n\t\t\t\t\t\t<div class=\"elementor-element elementor-element-5698664 elementor-widget elementor-widget-text-editor\" data-id=\"5698664\" data-element_type=\"widget\" data-e-type=\"widget\" data-widget_type=\"text-editor.default\">\n\t\t\t\t<div class=\"elementor-widget-container\">\n\t\t\t\t\t\t\t\t\t<div class=\"vc_row wpb_row vc_row-fluid\"><div class=\"wpb_column vc_column_container vc_col-sm-4\"><div class=\"vc_column-inner \"><div class=\"wpb_wrapper\"><div class=\"wpb_text_column wpb_content_element \"><div class=\"wpb_wrapper\"><h3>Bordo Magazine<\/h3><\/div><p>Ky eshte nj\u00eb artikull p\u00ebr turizmin n\u00eb Theth dhe sugjerime e zgjidhje t\u00eb ofruara nga pronar\u00ebt e Vil\u00ebs Gje\u00e7aj. Nj\u00eb bujtin\u00eb q\u00eb p\u00ebrputhet me folklorin dhe dizajnin e shkrir\u00eb me natyr\u00ebn e alpeve. #VillaGjecaj<\/p><p>Lexoni artikullin e plot\u00eb k\u00ebtu:<\/p><div class=\"wpb_wrapper\"><p><a href=\"https:\/\/bordo.al\/2022\/07\/08\/villa-gjecaj-ne-zemer-te-alpeve-shqiptare\" target=\"_blank\" rel=\"noopener\">https:\/\/bordo.al\/2022\/07\/08\/villa-gjecaj-ne-zemer-te-alpeve-shqiptare<\/a><\/p><\/div><\/div><\/div><\/div><\/div><\/div>\t\t\t\t\t\t\t\t<\/div>\n\t\t\t\t<\/div>\n\t\t\t\t\t<\/div>\n\t\t<\/div>\n\t\t\t\t<div class=\"elementor-column elementor-col-50 elementor-top-column elementor-element elementor-element-aa06cfd\" data-id=\"aa06cfd\" data-element_type=\"column\" data-e-type=\"column\">\n\t\t\t<div class=\"elementor-widget-wrap\">\n\t\t\t\t\t\t\t<\/div>\n\t\t<\/div>\n\t\t\t\t\t<\/div>\n\t\t<\/section>\n\t\t\t\t<\/div>\n\t\t","protected":false},"excerpt":{"rendered":"<p>\u201cKerkese oferte per F.V. Panele Fotovoltaike\u201d Objekti i fteses per Oferte: Furnizim dhe vendosje te paneleve fotovoltaike ne godinen e VILLA GJECAJ GUESTHOUSE &amp; RESTAURANT ne Qender Theth. Afati i dorezimit te Ofertave: 7 Shkurt 2024 Menyra e dorezimit: elektronikisht, me email ne info@villagjecaj.com Dokumente te skanuara sipas origjinalit me&#8230;<\/p>\n","protected":false},"author":1,"featured_media":12330,"parent":0,"menu_order":0,"comment_status":"closed","ping_status":"closed","template":"","meta":{"nf_dc_page":"","footnotes":""},"class_list":["post-3554","page","type-page","status-publish","has-post-thumbnail","hentry"],"yoast_head":"<!-- This site is optimized with the Yoast SEO plugin v27.4 - https:\/\/yoast.com\/product\/yoast-seo-wordpress\/ -->\n<title>News from Villa Gjecaj Theth<\/title>\n<meta name=\"description\" content=\"Check our latest news about our guesthouse Villa Gjecaj and all about Thethi Nation Park. Contact us for updates.\" \/>\n<meta name=\"robots\" content=\"index, follow, max-snippet:-1, max-image-preview:large, max-video-preview:-1\" \/>\n<link rel=\"canonical\" href=\"https:\/\/villagjecaj.com\/news-from-villa-gjecaj\/\" \/>\n<meta property=\"og:locale\" content=\"sq_AL\" \/>\n<meta property=\"og:type\" content=\"article\" \/>\n<meta property=\"og:title\" content=\"News from Villa Gjecaj Theth\" \/>\n<meta property=\"og:description\" content=\"Check our latest news about our guesthouse Villa Gjecaj and all about Thethi Nation Park. Contact us for updates.\" \/>\n<meta property=\"og:url\" content=\"https:\/\/villagjecaj.com\/news-from-villa-gjecaj\/\" \/>\n<meta property=\"og:site_name\" content=\"Villa Gjecaj\" \/>\n<meta property=\"article:publisher\" content=\"https:\/\/www.facebook.com\/VillaGjecajTheth\/\" \/>\n<meta property=\"article:modified_time\" content=\"2024-02-01T12:58:02+00:00\" \/>\n<meta property=\"og:image\" content=\"https:\/\/villagjecaj.com\/wp-content\/uploads\/2022\/06\/villa-gjecaj-theth-3.jpg\" \/>\n\t<meta property=\"og:image:width\" content=\"1500\" \/>\n\t<meta property=\"og:image:height\" content=\"850\" \/>\n\t<meta property=\"og:image:type\" content=\"image\/jpeg\" \/>\n<meta name=\"twitter:card\" content=\"summary_large_image\" \/>\n<meta name=\"twitter:site\" content=\"@villagjecaj\" \/>\n<meta name=\"twitter:label1\" content=\"Est. reading time\" \/>\n\t<meta name=\"twitter:data1\" content=\"1 minute\" \/>\n<script type=\"application\/ld+json\" class=\"yoast-schema-graph\">{\"@context\":\"https:\\\/\\\/schema.org\",\"@graph\":[{\"@type\":\"WebPage\",\"@id\":\"https:\\\/\\\/villagjecaj.com\\\/news-from-villa-gjecaj\\\/\",\"url\":\"https:\\\/\\\/villagjecaj.com\\\/news-from-villa-gjecaj\\\/\",\"name\":\"News from Villa Gjecaj Theth\",\"isPartOf\":{\"@id\":\"https:\\\/\\\/villagjecaj.com\\\/#website\"},\"primaryImageOfPage\":{\"@id\":\"https:\\\/\\\/villagjecaj.com\\\/news-from-villa-gjecaj\\\/#primaryimage\"},\"image\":{\"@id\":\"https:\\\/\\\/villagjecaj.com\\\/news-from-villa-gjecaj\\\/#primaryimage\"},\"thumbnailUrl\":\"https:\\\/\\\/villagjecaj.com\\\/wp-content\\\/uploads\\\/2022\\\/06\\\/villa-gjecaj-theth-3.jpg\",\"datePublished\":\"2017-06-15T14:12:39+00:00\",\"dateModified\":\"2024-02-01T12:58:02+00:00\",\"description\":\"Check our latest news about our guesthouse Villa Gjecaj and all about Thethi Nation Park. Contact us for updates.\",\"breadcrumb\":{\"@id\":\"https:\\\/\\\/villagjecaj.com\\\/news-from-villa-gjecaj\\\/#breadcrumb\"},\"inLanguage\":\"sq-AL\",\"potentialAction\":[{\"@type\":\"ReadAction\",\"target\":[\"https:\\\/\\\/villagjecaj.com\\\/news-from-villa-gjecaj\\\/\"]}]},{\"@type\":\"ImageObject\",\"inLanguage\":\"sq-AL\",\"@id\":\"https:\\\/\\\/villagjecaj.com\\\/news-from-villa-gjecaj\\\/#primaryimage\",\"url\":\"https:\\\/\\\/villagjecaj.com\\\/wp-content\\\/uploads\\\/2022\\\/06\\\/villa-gjecaj-theth-3.jpg\",\"contentUrl\":\"https:\\\/\\\/villagjecaj.com\\\/wp-content\\\/uploads\\\/2022\\\/06\\\/villa-gjecaj-theth-3.jpg\",\"width\":1500,\"height\":850},{\"@type\":\"BreadcrumbList\",\"@id\":\"https:\\\/\\\/villagjecaj.com\\\/news-from-villa-gjecaj\\\/#breadcrumb\",\"itemListElement\":[{\"@type\":\"ListItem\",\"position\":1,\"name\":\"Home\",\"item\":\"https:\\\/\\\/villagjecaj.com\\\/sq\\\/\"},{\"@type\":\"ListItem\",\"position\":2,\"name\":\"Lajme nga Villa Gjecaj\"}]},{\"@type\":\"WebSite\",\"@id\":\"https:\\\/\\\/villagjecaj.com\\\/#website\",\"url\":\"https:\\\/\\\/villagjecaj.com\\\/\",\"name\":\"Villa Gjecaj\",\"description\":\"Guesthouse and Restaurant in Theth Albanian Alps\",\"publisher\":{\"@id\":\"https:\\\/\\\/villagjecaj.com\\\/#organization\"},\"potentialAction\":[{\"@type\":\"SearchAction\",\"target\":{\"@type\":\"EntryPoint\",\"urlTemplate\":\"https:\\\/\\\/villagjecaj.com\\\/?s={search_term_string}\"},\"query-input\":{\"@type\":\"PropertyValueSpecification\",\"valueRequired\":true,\"valueName\":\"search_term_string\"}}],\"inLanguage\":\"sq-AL\"},{\"@type\":\"Organization\",\"@id\":\"https:\\\/\\\/villagjecaj.com\\\/#organization\",\"name\":\"Villa Gjecaj\",\"url\":\"https:\\\/\\\/villagjecaj.com\\\/\",\"logo\":{\"@type\":\"ImageObject\",\"inLanguage\":\"sq-AL\",\"@id\":\"https:\\\/\\\/villagjecaj.com\\\/#\\\/schema\\\/logo\\\/image\\\/\",\"url\":\"https:\\\/\\\/villagjecaj.com\\\/wp-content\\\/uploads\\\/2021\\\/01\\\/Logo-villa-gjecaj.png\",\"contentUrl\":\"https:\\\/\\\/villagjecaj.com\\\/wp-content\\\/uploads\\\/2021\\\/01\\\/Logo-villa-gjecaj.png\",\"width\":300,\"height\":300,\"caption\":\"Villa Gjecaj\"},\"image\":{\"@id\":\"https:\\\/\\\/villagjecaj.com\\\/#\\\/schema\\\/logo\\\/image\\\/\"},\"sameAs\":[\"https:\\\/\\\/www.facebook.com\\\/VillaGjecajTheth\\\/\",\"https:\\\/\\\/x.com\\\/villagjecaj\",\"https:\\\/\\\/www.instagram.com\\\/villagjecaj.theth\\\/\",\"https:\\\/\\\/www.linkedin.com\\\/company\\\/villagjecaj\",\"https:\\\/\\\/www.youtube.com\\\/c\\\/VillaGjecajTheth\\\/about\"]}]}<\/script>\n<!-- \/ Yoast SEO plugin. -->","yoast_head_json":{"title":"News from Villa Gjecaj Theth","description":"Check our latest news about our guesthouse Villa Gjecaj and all about Thethi Nation Park. Contact us for updates.","robots":{"index":"index","follow":"follow","max-snippet":"max-snippet:-1","max-image-preview":"max-image-preview:large","max-video-preview":"max-video-preview:-1"},"canonical":"https:\/\/villagjecaj.com\/news-from-villa-gjecaj\/","og_locale":"sq_AL","og_type":"article","og_title":"News from Villa Gjecaj Theth","og_description":"Check our latest news about our guesthouse Villa Gjecaj and all about Thethi Nation Park. Contact us for updates.","og_url":"https:\/\/villagjecaj.com\/news-from-villa-gjecaj\/","og_site_name":"Villa Gjecaj","article_publisher":"https:\/\/www.facebook.com\/VillaGjecajTheth\/","article_modified_time":"2024-02-01T12:58:02+00:00","og_image":[{"width":1500,"height":850,"url":"https:\/\/villagjecaj.com\/wp-content\/uploads\/2022\/06\/villa-gjecaj-theth-3.jpg","type":"image\/jpeg"}],"twitter_card":"summary_large_image","twitter_site":"@villagjecaj","twitter_misc":{"Est. reading time":"1 minute"},"schema":{"@context":"https:\/\/schema.org","@graph":[{"@type":"WebPage","@id":"https:\/\/villagjecaj.com\/news-from-villa-gjecaj\/","url":"https:\/\/villagjecaj.com\/news-from-villa-gjecaj\/","name":"News from Villa Gjecaj Theth","isPartOf":{"@id":"https:\/\/villagjecaj.com\/#website"},"primaryImageOfPage":{"@id":"https:\/\/villagjecaj.com\/news-from-villa-gjecaj\/#primaryimage"},"image":{"@id":"https:\/\/villagjecaj.com\/news-from-villa-gjecaj\/#primaryimage"},"thumbnailUrl":"https:\/\/villagjecaj.com\/wp-content\/uploads\/2022\/06\/villa-gjecaj-theth-3.jpg","datePublished":"2017-06-15T14:12:39+00:00","dateModified":"2024-02-01T12:58:02+00:00","description":"Check our latest news about our guesthouse Villa Gjecaj and all about Thethi Nation Park. Contact us for updates.","breadcrumb":{"@id":"https:\/\/villagjecaj.com\/news-from-villa-gjecaj\/#breadcrumb"},"inLanguage":"sq-AL","potentialAction":[{"@type":"ReadAction","target":["https:\/\/villagjecaj.com\/news-from-villa-gjecaj\/"]}]},{"@type":"ImageObject","inLanguage":"sq-AL","@id":"https:\/\/villagjecaj.com\/news-from-villa-gjecaj\/#primaryimage","url":"https:\/\/villagjecaj.com\/wp-content\/uploads\/2022\/06\/villa-gjecaj-theth-3.jpg","contentUrl":"https:\/\/villagjecaj.com\/wp-content\/uploads\/2022\/06\/villa-gjecaj-theth-3.jpg","width":1500,"height":850},{"@type":"BreadcrumbList","@id":"https:\/\/villagjecaj.com\/news-from-villa-gjecaj\/#breadcrumb","itemListElement":[{"@type":"ListItem","position":1,"name":"Home","item":"https:\/\/villagjecaj.com\/sq\/"},{"@type":"ListItem","position":2,"name":"Lajme nga Villa Gjecaj"}]},{"@type":"WebSite","@id":"https:\/\/villagjecaj.com\/#website","url":"https:\/\/villagjecaj.com\/","name":"Villa Gjecaj","description":"Guesthouse and Restaurant in Theth Albanian Alps","publisher":{"@id":"https:\/\/villagjecaj.com\/#organization"},"potentialAction":[{"@type":"SearchAction","target":{"@type":"EntryPoint","urlTemplate":"https:\/\/villagjecaj.com\/?s={search_term_string}"},"query-input":{"@type":"PropertyValueSpecification","valueRequired":true,"valueName":"search_term_string"}}],"inLanguage":"sq-AL"},{"@type":"Organization","@id":"https:\/\/villagjecaj.com\/#organization","name":"Villa Gjecaj","url":"https:\/\/villagjecaj.com\/","logo":{"@type":"ImageObject","inLanguage":"sq-AL","@id":"https:\/\/villagjecaj.com\/#\/schema\/logo\/image\/","url":"https:\/\/villagjecaj.com\/wp-content\/uploads\/2021\/01\/Logo-villa-gjecaj.png","contentUrl":"https:\/\/villagjecaj.com\/wp-content\/uploads\/2021\/01\/Logo-villa-gjecaj.png","width":300,"height":300,"caption":"Villa Gjecaj"},"image":{"@id":"https:\/\/villagjecaj.com\/#\/schema\/logo\/image\/"},"sameAs":["https:\/\/www.facebook.com\/VillaGjecajTheth\/","https:\/\/x.com\/villagjecaj","https:\/\/www.instagram.com\/villagjecaj.theth\/","https:\/\/www.linkedin.com\/company\/villagjecaj","https:\/\/www.youtube.com\/c\/VillaGjecajTheth\/about"]}]}},"_links":{"self":[{"href":"https:\/\/villagjecaj.com\/sq\/wp-json\/wp\/v2\/pages\/3554","targetHints":{"allow":["GET"]}}],"collection":[{"href":"https:\/\/villagjecaj.com\/sq\/wp-json\/wp\/v2\/pages"}],"about":[{"href":"https:\/\/villagjecaj.com\/sq\/wp-json\/wp\/v2\/types\/page"}],"author":[{"embeddable":true,"href":"https:\/\/villagjecaj.com\/sq\/wp-json\/wp\/v2\/users\/1"}],"replies":[{"embeddable":true,"href":"https:\/\/villagjecaj.com\/sq\/wp-json\/wp\/v2\/comments?post=3554"}],"version-history":[{"count":13,"href":"https:\/\/villagjecaj.com\/sq\/wp-json\/wp\/v2\/pages\/3554\/revisions"}],"predecessor-version":[{"id":13180,"href":"https:\/\/villagjecaj.com\/sq\/wp-json\/wp\/v2\/pages\/3554\/revisions\/13180"}],"wp:featuredmedia":[{"embeddable":true,"href":"https:\/\/villagjecaj.com\/sq\/wp-json\/wp\/v2\/media\/12330"}],"wp:attachment":[{"href":"https:\/\/villagjecaj.com\/sq\/wp-json\/wp\/v2\/media?parent=3554"}],"curies":[{"name":"wp","href":"https:\/\/api.w.org\/{rel}","templated":true}]}}