{"id":3558,"date":"2018-01-06T08:59:12","date_gmt":"2018-01-06T08:59:12","guid":{"rendered":"https:\/\/villagjecaj.com\/?page_id=3558"},"modified":"2022-05-29T21:49:23","modified_gmt":"2022-05-29T21:49:23","slug":"historia","status":"publish","type":"page","link":"https:\/\/villagjecaj.com\/sq\/historia\/","title":{"rendered":"Historia"},"content":{"rendered":"\t\t<div data-elementor-type=\"wp-page\" data-elementor-id=\"3558\" class=\"elementor elementor-3558\">\n\t\t\t\t\t\t<section class=\"elementor-section elementor-top-section elementor-element elementor-element-a2c8c4e elementor-section-boxed elementor-section-height-default elementor-section-height-default\" data-id=\"a2c8c4e\" data-element_type=\"section\" data-e-type=\"section\">\n\t\t\t\t\t\t<div class=\"elementor-container elementor-column-gap-default\">\n\t\t\t\t\t<div class=\"elementor-column elementor-col-100 elementor-top-column elementor-element elementor-element-b90714d\" data-id=\"b90714d\" data-element_type=\"column\" data-e-type=\"column\" data-settings=\"{&quot;background_background&quot;:&quot;classic&quot;}\">\n\t\t\t<div class=\"elementor-widget-wrap elementor-element-populated\">\n\t\t\t\t\t\t<div class=\"elementor-element elementor-element-8a18c3f elementor-widget elementor-widget-spacer\" data-id=\"8a18c3f\" data-element_type=\"widget\" data-e-type=\"widget\" data-widget_type=\"spacer.default\">\n\t\t\t\t<div class=\"elementor-widget-container\">\n\t\t\t\t\t\t\t<div class=\"elementor-spacer\">\n\t\t\t<div class=\"elementor-spacer-inner\"><\/div>\n\t\t<\/div>\n\t\t\t\t\t\t<\/div>\n\t\t\t\t<\/div>\n\t\t\t\t\t<\/div>\n\t\t<\/div>\n\t\t\t\t\t<\/div>\n\t\t<\/section>\n\t\t\t\t<section class=\"elementor-section elementor-top-section elementor-element elementor-element-3c633e25 elementor-section-boxed elementor-section-height-default elementor-section-height-default\" data-id=\"3c633e25\" data-element_type=\"section\" data-e-type=\"section\">\n\t\t\t\t\t\t<div class=\"elementor-container elementor-column-gap-default\">\n\t\t\t\t\t<div class=\"elementor-column elementor-col-100 elementor-top-column elementor-element elementor-element-1e0fda4a\" data-id=\"1e0fda4a\" data-element_type=\"column\" data-e-type=\"column\">\n\t\t\t<div class=\"elementor-widget-wrap elementor-element-populated\">\n\t\t\t\t\t\t<div class=\"elementor-element elementor-element-1bca080f elementor-widget elementor-widget-text-editor\" data-id=\"1bca080f\" data-element_type=\"widget\" data-e-type=\"widget\" data-widget_type=\"text-editor.default\">\n\t\t\t\t<div class=\"elementor-widget-container\">\n\t\t\t\t\t\t\t\t\t<p>Villa Gjecaj, nj\u00eb bujtin\u00eb e vog\u00ebl familjare e drejtuar nga familja. Nd\u00ebrtesat tona pasqyrojn\u00eb historin\u00eb e saj t\u00eb pasur brez pas brezi. K\u00ebto histori p\u00ebrfshijn\u00eb rezistenc\u00ebn gjat\u00eb regjimit komunist dhe sakrificat e m\u00ebdha p\u00ebr buk\u00ebn e p\u00ebrditshme, dashurit\u00eb e madha, humbjet e dhimbshme dhe grat\u00eb e guximshme. Historia e godin\u00ebs nuk mund t\u00eb ndahet nga historia e familjes Gje\u00e7aj. E kaluara takohet me t\u00eb ardhmen n\u00eb hotelin ton\u00eb tradicional t\u00eb drejtuar nga familja. Pushimet n\u00eb Lugin\u00ebn e Thethit p\u00ebrfshijn\u00eb gjithmon\u00eb di\u00e7ka q\u00eb t\u00eb kthen prapa n\u00eb koh\u00eb \u2013 pa u shk\u00ebputur kurr\u00eb nga komoditeti i bot\u00ebs son\u00eb bashk\u00ebkohore. Do t\u00eb d\u00ebshironit t\u00eb na shoq\u00ebronit teksa b\u00ebjm\u00eb nj\u00eb kalim n\u00eb linj\u00ebn historike t\u00eb kujtes\u00ebs?<\/p><p><strong>Kulla e Ded Ndre Markut &#8211; Gje\u00e7aj<\/strong><\/p><p>\u201cDed Ndre Marku i Gje\u00e7ajve do t\u00eb ishte krenar\u00eb se si e kemi rritur kull\u00ebn e tij sot\u201d<\/p><p><strong>\u00a0<\/strong><\/p><p><strong>1922<\/strong><\/p><p>St\u00ebrgjyshi yn\u00eb Ndre Marku e nd\u00ebrtoi k\u00ebt\u00eb nd\u00ebrtese alpine nj\u00ebkateshe si streh\u00eb p\u00ebr bagatit\u00eb, e vendosur n\u00eb mes te fushave pjellore t\u00eb Gje\u00e7ajve, mu ne qender te lugin\u00ebs s\u00eb Thethit. Gjat\u00eb ndertimit te kasolles Ndreu vendosi n\u00eb nj\u00eb prej qosheve t\u00eb sht\u00ebpis\u00eb nj\u00eb gur\u00eb me forme t\u00eb ve\u00e7ant\u00eb, at\u00eb t\u00eb gjirit t\u00eb nj\u00eb femre t\u00eb skalitur nga vet\u00eb natyra, si kujtim p\u00ebr t\u00eb birin Ded\u00ebn q\u00eb u rrit jetim pa mot\u00ebr apo v\u00eblla tjet\u00ebr pasi e humbi n\u00ebn\u00ebn n\u00eb lindje.<\/p><p><strong>1958<\/strong><\/p><p>Centralizimi i gjitha pronave private n\u00eb duart e shtetit, gjat\u00eb regjimit Komunist, n\u00eb t\u00eb asht\u00ebquajtur\u00ebn Kooperativa Bujq\u00ebsore b\u00ebri q\u00eb gjyshi, Ded Ndre Gje\u00e7aj t\u00eb b\u00ebnt\u00eb nj\u00eb marr\u00ebveshje me zyrtar\u00ebt lokal q\u00eb ai do i dor\u00ebzonte t\u00eb gjitha tokat ne disponim t\u00eb koperativ\u00ebs, me kushtin e vet\u00ebm q\u00eb kasollja e bag\u00ebtive t\u2019i jepej familjes si nd\u00ebrtese per banim. K\u00ebt\u00eb kerkes Deda e b\u00ebri sepse donte t\u00eb mbronte tok\u00ebn e tij nga kolektivizimi dhe ta b\u00ebnte nj\u00eb streh p\u00ebr tre djemt e tij n\u00eb rritje.<\/p><p><strong>1959<\/strong><\/p><p>Nd\u00ebrtimi i vatr\u00ebs familjare me zgjerimin dhe ngritjen e nj\u00eb kati shtes\u00eb banimi i mjaftueshem p\u00ebr familjen e re t\u00eb Ded\u00ebs me tre djem tashme Marku \u2013 Ndoci dhe Gjoni.\u00a0<\/p><p><strong>1986<\/strong><\/p><p>Pas marteses s\u00eb v\u00ebllez\u00ebrve dhe ndarjes mes tyre sht\u00ebpia u b\u00eb pron\u00eb e Ndocit me familjen e tij dhe prinderve t\u00eb tyre Ded\u00ebs dhe Lul\u00ebs.<\/p><p><strong>1992<\/strong><\/p><p>Me r\u00ebnien e regjimit totalitar Komunist n\u00eb Shqip\u00ebri dhe rikthimin e tokave e t\u00eb prones private u b\u00eb e mundur q\u00eb gjith\u00ebsecili t\u00eb zhvillont\u00eb pron\u00ebn e tij private t\u00eb trash\u00ebguar nga t\u00eb par\u00ebt.<\/p><p><strong>2006<\/strong><\/p><p>N\u00eb Theth vijn\u00eb turist\u00ebt e par\u00eb t\u00eb huaj, \u00c7ek e Polak, Anglez e Gjerman, dhe kulla e Ded Ndre Gje\u00e7aj hap dyert p\u00ebr t\u00eb mik\u00ebpritur turist\u00ebt e par\u00eb n\u00eb kushte minimale t\u00eb mik\u00ebpritjes \u201cBuk e krip e zem\u00ebr t\u00eb bardh\u00eb\u201d.<\/p><p>Jemi tashm\u00eb n\u00eb brezin e tret\u00eb t\u00eb banimit n\u00eb k\u00ebt\u00eb kull\u00eb, pas Ndre Markut e t\u00eb birit Ded\u00ebs, tani rradh\u00ebn e ka biri i Ded\u00ebs, Ndoci, me familjen e tij p\u00ebr t\u00eb mik\u00ebpritur miq e dashamir\u00eb.<\/p><p><strong>2008<\/strong><\/p><p>Me pun\u00ebn e v\u00ebshtir\u00eb, dit\u00ebt e gjata dhe intensive t\u00eb kujdesit p\u00ebr mysafir\u00ebt dhe vitet e kursimit, sht\u00ebpia e vog\u00ebl e miqve u rrit n\u00eb madh\u00ebsi me kalimin e \u00e7do viti, duke permiresuar vit pas viti standartin dhe facilitetet per ta kthyer at\u00eb nga nj\u00eb sht\u00ebpi n\u00eb nj\u00eb bujtin\u00eb.<\/p><p><strong>2013<\/strong><\/p><p>N\u00eb pranver\u00eb t\u00eb k\u00ebtij viti u shtuan dy sera me financimin e MADA-s (Agjensia p\u00ebr Zhvillimin e Zonave Malore) p\u00ebr prodhimin e perimeve n\u00eb nj\u00eb koh\u00eb m\u00eb t\u00eb hershm\u00eb sesa sezoni i zakonsh\u00ebm, gj\u00eb q\u00eb i siguronte nj\u00eb produkt lokal turist\u00ebve t\u00eb bujtin\u00ebs.<\/p><p>Gjithashtu filloi ndertimi i nje godine shtes\u00eb me 5 dhoma standarti si struktur\u00eb akomoduese.<\/p><p><strong>2013<\/strong><\/p><p>N\u00eb N\u00ebntor t\u00eb k\u00ebtij viti u martua Petriti me Aid\u00ebn, djali i vet\u00ebm i Ndocit, duke krijuar k\u00ebshtu gjenerat\u00ebn e kat\u00ebrt t\u00eb familjes Gje\u00e7aj. Nj\u00eb djal\u00eb me nj\u00eb vizion t\u00eb qart\u00eb p\u00ebr t\u00eb ardhmen dhe zhvillimin e pron\u00ebs s\u00eb familjes.<\/p><p><strong>2014<\/strong><\/p><p>N\u00eb ket\u00eb vit filloi operimin \u2018Shpia e Re\u2019 e cila p\u00ebrb\u00ebn hapin tjet\u00ebr t\u00eb kap\u00ebrcimit n\u00eb cil\u00ebsi e rritje t\u00eb kapaciteteve prit\u00ebse, me 5 dhoma dopjo me ballkone, banjo brenda n\u00eb dhom\u00eb, e facilitete t\u00eb tjera q\u00eb ishin \u2018avangarde\u2019 p\u00ebr zon\u00ebn, por jo p\u00ebr bot\u00ebn, p\u00ebr ato vende nga vinin turist\u00ebt.<\/p><p><strong>2016<\/strong><\/p><p>Duke q\u00ebn\u00eb se kulla ishte shum e vog\u00ebl Ndoci me t\u00eb birin Petritin vendos\u00ebn ta rikonstruktojn\u00eb me ndihm\u00ebn e nj\u00eb studio arkitekture e cila e kishte fokusin tek ndertimet ekologjike <strong>&#8220;<a href=\"https:\/\/ecodesign.com.al\/rikonstruksion-villa-gjecaj-theth\/\" target=\"_blank\" rel=\"noopener\">ecodesign.com.al&#8221;<\/a><\/strong>\u00a0 duke i shtuar edhe nj\u00eb kat banimi me fr\u00ebngji t\u00eb dala n\u00eb fasad\u00eb sipas tradit\u00ebs e stilit t\u00eb kullave t\u00eb vjetra t\u00eb malsis\u00eb s\u00eb veriut duke e mbuluar me rrasa druri sipas tradit\u00ebs s\u00eb sht\u00ebpive n\u00eb mal\u00ebsit\u00eb e veriut.\u00a0<\/p><p>Nj\u00eb rind\u00ebrtim ekologjik i gjithi me dru, nga catia tek tavanet e dyshemeve. Nderthurja me materiale te tjera ekologjike t\u00eb lehta e me sisteme t\u00eb rinovuara t\u00eb elektrifikimit dhe ngrohjes q\u00eb ishin t\u00eb domosdoshme s\u00ebrisht p\u00ebr t\u00eb b\u00ebr\u00eb hapin e rradh\u00ebs t\u00eb kap\u00ebrcimit n\u00eb rritjen e biznesit. Tashme kulla disponon 12 dhoma nga t\u00eb cilat vet\u00ebm 8 p\u00ebr mik\u00ebpritjen e turist\u00ebve.<\/p><p><strong>2017<\/strong><\/p><p>K\u00ebt\u00eb vit ishte rradha e rinovimit t\u00eb hap\u00ebsir\u00ebs s\u00eb restorantit <em>indoor<\/em> duke q\u00ebn\u00eb se ishte e pap\u00ebrballueshme ekonomikisht p\u00ebr ne q\u00eb ti kryenim gjitha investimet njeher\u00ebsh. Mysafir\u00ebt tan\u00eb jan\u00eb t\u00eb gatsh\u00ebm p\u00ebr nj\u00eb hap\u00ebsir\u00eb ngr\u00ebnieje t\u00eb pazakont\u00eb. Dhoma e re e ngr\u00ebnies \u00ebsht\u00eb nj\u00eb triumf i drit\u00ebs, nd\u00ebrthurjes s\u00eb gurit e drurit, ngjyr\u00ebs dhe atmosfer\u00ebs.<\/p><p><strong>2018<\/strong><\/p><p>U sistemuan ambjentet rrethuese t\u00eb pron\u00ebs me kalldr\u00ebme guri duke sistemuar ambjentet e p\u00ebrbashk\u00ebta dhe krijuar nj\u00eb <em>Outdoor Restaurant<\/em> me tavolina druri p\u00ebr jasht\u00eb dhe ndri\u00e7imin e duhur.<\/p><p><strong>2020<\/strong><\/p><p>P\u00ebr t\u00eb ruajtur sh\u00ebndetin e prind\u00ebrve tan\u00eb, Ndocit e Lul\u00ebs, q\u00eb banojn\u00eb aty gjat\u00eb gjith\u00eb koh\u00ebs, si n\u00eb dim\u00ebr dhe n\u00eb ver\u00eb, u vendos bashkarisht q\u00eb struktura mos ti hapte dyert e saj gjat\u00eb k\u00ebtij sezoni.<\/p><p><strong>Sot<\/strong><\/p><p>Ne duam t\u00eb jemi mik\u00ebprit\u00ebs, e duam hotelin ton\u00eb t\u00eb vog\u00ebl dhe punojm\u00eb p\u00ebr t\u00eb nderuar emrin e t\u00eb par\u00ebve tan\u00eb dhe l\u00ebn\u00eb nj\u00eb gjurm\u00eb n\u00eb mikpritjen lokale si promotor\u00eb t\u00eb standartit dhe cilesis\u00eb n\u00eb zon\u00eb e duke ecur me hapin e koh\u00ebs. Dhe kjo \u00ebsht\u00eb m\u00ebnyra se si duam t\u00eb vazhdojm\u00eb..<\/p><p>\u00cbndrra vazhdon!..&#8221;<\/p>\t\t\t\t\t\t\t\t<\/div>\n\t\t\t\t<\/div>\n\t\t\t\t\t<\/div>\n\t\t<\/div>\n\t\t\t\t\t<\/div>\n\t\t<\/section>\n\t\t\t\t<\/div>\n\t\t","protected":false},"excerpt":{"rendered":"<p>Villa Gjecaj, nj\u00eb bujtin\u00eb e vog\u00ebl familjare e drejtuar nga familja. Nd\u00ebrtesat tona pasqyrojn\u00eb historin\u00eb e saj t\u00eb pasur brez pas brezi. K\u00ebto histori p\u00ebrfshijn\u00eb rezistenc\u00ebn gjat\u00eb regjimit komunist dhe sakrificat e m\u00ebdha p\u00ebr buk\u00ebn e p\u00ebrditshme, dashurit\u00eb e madha, humbjet e dhimbshme dhe grat\u00eb e guximshme. Historia e godin\u00ebs&#8230;<\/p>\n","protected":false},"author":1,"featured_media":12163,"parent":0,"menu_order":0,"comment_status":"closed","ping_status":"closed","template":"","meta":{"nf_dc_page":"","footnotes":""},"class_list":["post-3558","page","type-page","status-publish","has-post-thumbnail","hentry"],"yoast_head":"<!-- This site is optimized with the Yoast SEO plugin v27.4 - https:\/\/yoast.com\/product\/yoast-seo-wordpress\/ -->\n<title>Historia - Villa Gjecaj<\/title>\n<meta name=\"description\" content=\"Villa Gjecaj, a cables hut, inn, or family-run hotel \u2013 our building reflects its rich history and the moving stories from generation to generation. These stories involve the resistance during Communism Regime and great sacrifices for the everyday bread, great love, upsetting loss, and brave women. The history of the building cannot be separated from the history of the Gje\u00e7aj family.\" \/>\n<meta name=\"robots\" content=\"index, follow, max-snippet:-1, max-image-preview:large, max-video-preview:-1\" \/>\n<link rel=\"canonical\" href=\"https:\/\/villagjecaj.com\/sq\/historia\/\" \/>\n<meta property=\"og:locale\" content=\"sq_AL\" \/>\n<meta property=\"og:type\" content=\"article\" \/>\n<meta property=\"og:title\" content=\"Historia - Villa Gjecaj\" \/>\n<meta property=\"og:description\" content=\"Villa Gjecaj, a cables hut, inn, or family-run hotel \u2013 our building reflects its rich history and the moving stories from generation to generation. These stories involve the resistance during Communism Regime and great sacrifices for the everyday bread, great love, upsetting loss, and brave women. The history of the building cannot be separated from the history of the Gje\u00e7aj family.\" \/>\n<meta property=\"og:url\" content=\"https:\/\/villagjecaj.com\/sq\/historia\/\" \/>\n<meta property=\"og:site_name\" content=\"Villa Gjecaj\" \/>\n<meta property=\"article:publisher\" content=\"https:\/\/www.facebook.com\/VillaGjecajTheth\/\" \/>\n<meta property=\"article:modified_time\" content=\"2022-05-29T21:49:23+00:00\" \/>\n<meta property=\"og:image\" content=\"https:\/\/villagjecaj.com\/wp-content\/uploads\/2022\/03\/Villa-Gjecaj-Theth-scaled.jpg\" \/>\n\t<meta property=\"og:image:width\" content=\"2560\" \/>\n\t<meta property=\"og:image:height\" content=\"1600\" \/>\n\t<meta property=\"og:image:type\" content=\"image\/jpeg\" \/>\n<meta name=\"twitter:card\" content=\"summary_large_image\" \/>\n<meta name=\"twitter:site\" content=\"@villagjecaj\" \/>\n<meta name=\"twitter:label1\" content=\"Est. reading time\" \/>\n\t<meta name=\"twitter:data1\" content=\"5 minutes\" \/>\n<script type=\"application\/ld+json\" class=\"yoast-schema-graph\">{\"@context\":\"https:\\\/\\\/schema.org\",\"@graph\":[{\"@type\":\"WebPage\",\"@id\":\"https:\\\/\\\/villagjecaj.com\\\/sq\\\/historia\\\/\",\"url\":\"https:\\\/\\\/villagjecaj.com\\\/sq\\\/historia\\\/\",\"name\":\"Historia - Villa Gjecaj\",\"isPartOf\":{\"@id\":\"https:\\\/\\\/villagjecaj.com\\\/#website\"},\"primaryImageOfPage\":{\"@id\":\"https:\\\/\\\/villagjecaj.com\\\/sq\\\/historia\\\/#primaryimage\"},\"image\":{\"@id\":\"https:\\\/\\\/villagjecaj.com\\\/sq\\\/historia\\\/#primaryimage\"},\"thumbnailUrl\":\"https:\\\/\\\/villagjecaj.com\\\/wp-content\\\/uploads\\\/2022\\\/03\\\/Villa-Gjecaj-Theth-scaled.jpg\",\"datePublished\":\"2018-01-06T08:59:12+00:00\",\"dateModified\":\"2022-05-29T21:49:23+00:00\",\"description\":\"Villa Gjecaj, a cables hut, inn, or family-run hotel \u2013 our building reflects its rich history and the moving stories from generation to generation. These stories involve the resistance during Communism Regime and great sacrifices for the everyday bread, great love, upsetting loss, and brave women. The history of the building cannot be separated from the history of the Gje\u00e7aj family.\",\"breadcrumb\":{\"@id\":\"https:\\\/\\\/villagjecaj.com\\\/sq\\\/historia\\\/#breadcrumb\"},\"inLanguage\":\"sq-AL\",\"potentialAction\":[{\"@type\":\"ReadAction\",\"target\":[\"https:\\\/\\\/villagjecaj.com\\\/sq\\\/historia\\\/\"]}]},{\"@type\":\"ImageObject\",\"inLanguage\":\"sq-AL\",\"@id\":\"https:\\\/\\\/villagjecaj.com\\\/sq\\\/historia\\\/#primaryimage\",\"url\":\"https:\\\/\\\/villagjecaj.com\\\/wp-content\\\/uploads\\\/2022\\\/03\\\/Villa-Gjecaj-Theth-scaled.jpg\",\"contentUrl\":\"https:\\\/\\\/villagjecaj.com\\\/wp-content\\\/uploads\\\/2022\\\/03\\\/Villa-Gjecaj-Theth-scaled.jpg\",\"width\":2560,\"height\":1600,\"caption\":\"Villa-Gjecaj-Theth\"},{\"@type\":\"BreadcrumbList\",\"@id\":\"https:\\\/\\\/villagjecaj.com\\\/sq\\\/historia\\\/#breadcrumb\",\"itemListElement\":[{\"@type\":\"ListItem\",\"position\":1,\"name\":\"Home\",\"item\":\"https:\\\/\\\/villagjecaj.com\\\/sq\\\/\"},{\"@type\":\"ListItem\",\"position\":2,\"name\":\"Historia\"}]},{\"@type\":\"WebSite\",\"@id\":\"https:\\\/\\\/villagjecaj.com\\\/#website\",\"url\":\"https:\\\/\\\/villagjecaj.com\\\/\",\"name\":\"Villa Gjecaj\",\"description\":\"Guesthouse and Restaurant in Theth Albanian Alps\",\"publisher\":{\"@id\":\"https:\\\/\\\/villagjecaj.com\\\/#organization\"},\"potentialAction\":[{\"@type\":\"SearchAction\",\"target\":{\"@type\":\"EntryPoint\",\"urlTemplate\":\"https:\\\/\\\/villagjecaj.com\\\/?s={search_term_string}\"},\"query-input\":{\"@type\":\"PropertyValueSpecification\",\"valueRequired\":true,\"valueName\":\"search_term_string\"}}],\"inLanguage\":\"sq-AL\"},{\"@type\":\"Organization\",\"@id\":\"https:\\\/\\\/villagjecaj.com\\\/#organization\",\"name\":\"Villa Gjecaj\",\"url\":\"https:\\\/\\\/villagjecaj.com\\\/\",\"logo\":{\"@type\":\"ImageObject\",\"inLanguage\":\"sq-AL\",\"@id\":\"https:\\\/\\\/villagjecaj.com\\\/#\\\/schema\\\/logo\\\/image\\\/\",\"url\":\"https:\\\/\\\/villagjecaj.com\\\/wp-content\\\/uploads\\\/2021\\\/01\\\/Logo-villa-gjecaj.png\",\"contentUrl\":\"https:\\\/\\\/villagjecaj.com\\\/wp-content\\\/uploads\\\/2021\\\/01\\\/Logo-villa-gjecaj.png\",\"width\":300,\"height\":300,\"caption\":\"Villa Gjecaj\"},\"image\":{\"@id\":\"https:\\\/\\\/villagjecaj.com\\\/#\\\/schema\\\/logo\\\/image\\\/\"},\"sameAs\":[\"https:\\\/\\\/www.facebook.com\\\/VillaGjecajTheth\\\/\",\"https:\\\/\\\/x.com\\\/villagjecaj\",\"https:\\\/\\\/www.instagram.com\\\/villagjecaj.theth\\\/\",\"https:\\\/\\\/www.linkedin.com\\\/company\\\/villagjecaj\",\"https:\\\/\\\/www.youtube.com\\\/c\\\/VillaGjecajTheth\\\/about\"]}]}<\/script>\n<!-- \/ Yoast SEO plugin. -->","yoast_head_json":{"title":"Historia - Villa Gjecaj","description":"Villa Gjecaj, a cables hut, inn, or family-run hotel \u2013 our building reflects its rich history and the moving stories from generation to generation. These stories involve the resistance during Communism Regime and great sacrifices for the everyday bread, great love, upsetting loss, and brave women. The history of the building cannot be separated from the history of the Gje\u00e7aj family.","robots":{"index":"index","follow":"follow","max-snippet":"max-snippet:-1","max-image-preview":"max-image-preview:large","max-video-preview":"max-video-preview:-1"},"canonical":"https:\/\/villagjecaj.com\/sq\/historia\/","og_locale":"sq_AL","og_type":"article","og_title":"Historia - Villa Gjecaj","og_description":"Villa Gjecaj, a cables hut, inn, or family-run hotel \u2013 our building reflects its rich history and the moving stories from generation to generation. These stories involve the resistance during Communism Regime and great sacrifices for the everyday bread, great love, upsetting loss, and brave women. The history of the building cannot be separated from the history of the Gje\u00e7aj family.","og_url":"https:\/\/villagjecaj.com\/sq\/historia\/","og_site_name":"Villa Gjecaj","article_publisher":"https:\/\/www.facebook.com\/VillaGjecajTheth\/","article_modified_time":"2022-05-29T21:49:23+00:00","og_image":[{"width":2560,"height":1600,"url":"https:\/\/villagjecaj.com\/wp-content\/uploads\/2022\/03\/Villa-Gjecaj-Theth-scaled.jpg","type":"image\/jpeg"}],"twitter_card":"summary_large_image","twitter_site":"@villagjecaj","twitter_misc":{"Est. reading time":"5 minutes"},"schema":{"@context":"https:\/\/schema.org","@graph":[{"@type":"WebPage","@id":"https:\/\/villagjecaj.com\/sq\/historia\/","url":"https:\/\/villagjecaj.com\/sq\/historia\/","name":"Historia - Villa Gjecaj","isPartOf":{"@id":"https:\/\/villagjecaj.com\/#website"},"primaryImageOfPage":{"@id":"https:\/\/villagjecaj.com\/sq\/historia\/#primaryimage"},"image":{"@id":"https:\/\/villagjecaj.com\/sq\/historia\/#primaryimage"},"thumbnailUrl":"https:\/\/villagjecaj.com\/wp-content\/uploads\/2022\/03\/Villa-Gjecaj-Theth-scaled.jpg","datePublished":"2018-01-06T08:59:12+00:00","dateModified":"2022-05-29T21:49:23+00:00","description":"Villa Gjecaj, a cables hut, inn, or family-run hotel \u2013 our building reflects its rich history and the moving stories from generation to generation. These stories involve the resistance during Communism Regime and great sacrifices for the everyday bread, great love, upsetting loss, and brave women. The history of the building cannot be separated from the history of the Gje\u00e7aj family.","breadcrumb":{"@id":"https:\/\/villagjecaj.com\/sq\/historia\/#breadcrumb"},"inLanguage":"sq-AL","potentialAction":[{"@type":"ReadAction","target":["https:\/\/villagjecaj.com\/sq\/historia\/"]}]},{"@type":"ImageObject","inLanguage":"sq-AL","@id":"https:\/\/villagjecaj.com\/sq\/historia\/#primaryimage","url":"https:\/\/villagjecaj.com\/wp-content\/uploads\/2022\/03\/Villa-Gjecaj-Theth-scaled.jpg","contentUrl":"https:\/\/villagjecaj.com\/wp-content\/uploads\/2022\/03\/Villa-Gjecaj-Theth-scaled.jpg","width":2560,"height":1600,"caption":"Villa-Gjecaj-Theth"},{"@type":"BreadcrumbList","@id":"https:\/\/villagjecaj.com\/sq\/historia\/#breadcrumb","itemListElement":[{"@type":"ListItem","position":1,"name":"Home","item":"https:\/\/villagjecaj.com\/sq\/"},{"@type":"ListItem","position":2,"name":"Historia"}]},{"@type":"WebSite","@id":"https:\/\/villagjecaj.com\/#website","url":"https:\/\/villagjecaj.com\/","name":"Villa Gjecaj","description":"Guesthouse and Restaurant in Theth Albanian Alps","publisher":{"@id":"https:\/\/villagjecaj.com\/#organization"},"potentialAction":[{"@type":"SearchAction","target":{"@type":"EntryPoint","urlTemplate":"https:\/\/villagjecaj.com\/?s={search_term_string}"},"query-input":{"@type":"PropertyValueSpecification","valueRequired":true,"valueName":"search_term_string"}}],"inLanguage":"sq-AL"},{"@type":"Organization","@id":"https:\/\/villagjecaj.com\/#organization","name":"Villa Gjecaj","url":"https:\/\/villagjecaj.com\/","logo":{"@type":"ImageObject","inLanguage":"sq-AL","@id":"https:\/\/villagjecaj.com\/#\/schema\/logo\/image\/","url":"https:\/\/villagjecaj.com\/wp-content\/uploads\/2021\/01\/Logo-villa-gjecaj.png","contentUrl":"https:\/\/villagjecaj.com\/wp-content\/uploads\/2021\/01\/Logo-villa-gjecaj.png","width":300,"height":300,"caption":"Villa Gjecaj"},"image":{"@id":"https:\/\/villagjecaj.com\/#\/schema\/logo\/image\/"},"sameAs":["https:\/\/www.facebook.com\/VillaGjecajTheth\/","https:\/\/x.com\/villagjecaj","https:\/\/www.instagram.com\/villagjecaj.theth\/","https:\/\/www.linkedin.com\/company\/villagjecaj","https:\/\/www.youtube.com\/c\/VillaGjecajTheth\/about"]}]}},"_links":{"self":[{"href":"https:\/\/villagjecaj.com\/sq\/wp-json\/wp\/v2\/pages\/3558","targetHints":{"allow":["GET"]}}],"collection":[{"href":"https:\/\/villagjecaj.com\/sq\/wp-json\/wp\/v2\/pages"}],"about":[{"href":"https:\/\/villagjecaj.com\/sq\/wp-json\/wp\/v2\/types\/page"}],"author":[{"embeddable":true,"href":"https:\/\/villagjecaj.com\/sq\/wp-json\/wp\/v2\/users\/1"}],"replies":[{"embeddable":true,"href":"https:\/\/villagjecaj.com\/sq\/wp-json\/wp\/v2\/comments?post=3558"}],"version-history":[{"count":0,"href":"https:\/\/villagjecaj.com\/sq\/wp-json\/wp\/v2\/pages\/3558\/revisions"}],"wp:featuredmedia":[{"embeddable":true,"href":"https:\/\/villagjecaj.com\/sq\/wp-json\/wp\/v2\/media\/12163"}],"wp:attachment":[{"href":"https:\/\/villagjecaj.com\/sq\/wp-json\/wp\/v2\/media?parent=3558"}],"curies":[{"name":"wp","href":"https:\/\/api.w.org\/{rel}","templated":true}]}}